{"id":2037,"date":"2016-02-16T09:40:28","date_gmt":"2016-02-16T09:40:28","guid":{"rendered":"http:\/\/www.irenelauretti.com\/?page_id=2037"},"modified":"2025-05-26T22:04:16","modified_gmt":"2025-05-26T20:04:16","slug":"books-link","status":"publish","type":"page","link":"https:\/\/www.irenelauretti.com\/de\/books-link\/","title":{"rendered":"Meine B\u00fccher"},"content":{"rendered":"<div class=\"wp-block-image is-style-default ticss-6c314a46\">\n<figure class=\"alignright size-full is-resized\" id=\"wp-block-themeisle-blocks-image-ce7d243c\"><img fetchpriority=\"high\" decoding=\"async\" width=\"768\" height=\"1024\" src=\"https:\/\/www.irenelauretti.com\/wp-content\/uploads\/2023\/08\/mit-Buechern-2.jpg\" alt=\"\" class=\"wp-image-3817\" style=\"object-fit:contain;width:323px;height:431px\" srcset=\"https:\/\/www.irenelauretti.com\/wp-content\/uploads\/2023\/08\/mit-Buechern-2.jpg 768w, https:\/\/www.irenelauretti.com\/wp-content\/uploads\/2023\/08\/mit-Buechern-2-225x300.jpg 225w\" sizes=\"(max-width: 768px) 100vw, 768px\" \/><figcaption class=\"wp-element-caption\">Photo by Laura Scognamilio @2023<\/figcaption><\/figure>\n<\/div>\n\n\n<p>Meine B\u00fccher sind mein Herzens- und Lebensauftrag&nbsp;\u2013 das&nbsp;Geschenk des Himmels, empfangen an der Himmelspforte bei und nach einer au\u00dferk\u00f6rperlichen Erfahrung , um es den Menschen in Liebe durch meine Worte&nbsp;\u2013 durch die B\u00fccher und meine zahlreichen Blogs und Live-Filme&nbsp;\u2013 weiterzugeben!<br>JETZT ist der seit Christus verhei\u00dfene Moment der Gro\u00dfen Umkehr&nbsp;\u2013 JETZT&nbsp;\u2013 im Wassermannzeitalter&nbsp;\u2013 soll das Wissen um die Sch\u00f6pf ung vom und durch den Menschen aus dem unbewu\u00dften ins BEWUSSTE gezogen werden&nbsp;\u2013 durch die 12 Sch\u00f6pfungsstr\u00f6me, die Bewusstseinstr\u00e4ger der SEELE!<\/p>\n\n\n\n<p>Jeder, der den Herzenswunsch hat diesen WEG des LICHTS zu gehen, diese UMKEHR und HEILUNG zu vollziehen, und auch jeder, der vielleicht noch z\u00f6gert \u2013 sei mir<br>HERZLICH WILLKOMMEN \u2013 und die B\u00fccher werden Dir den WEG WEISEN!<\/p>\n\n\n\n<p>In Liebe! Irene<\/p>\n\n\n\n<div style=\"height:100px\" aria-hidden=\"true\" class=\"wp-block-spacer\"><\/div>\n\n\n<div class=\"wp-block-image\">\n<figure class=\"aligncenter size-large is-resized\"><img decoding=\"async\" width=\"966\" height=\"1024\" src=\"https:\/\/www.irenelauretti.com\/wp-content\/uploads\/2023\/04\/Code_Lichmensch_Meer-e1682454532474-966x1024.jpg\" alt=\"\" class=\"wp-image-3112\" style=\"width:358px;height:379px\" srcset=\"https:\/\/www.irenelauretti.com\/wp-content\/uploads\/2023\/04\/Code_Lichmensch_Meer-e1682454532474-966x1024.jpg 966w, https:\/\/www.irenelauretti.com\/wp-content\/uploads\/2023\/04\/Code_Lichmensch_Meer-e1682454532474-283x300.jpg 283w, https:\/\/www.irenelauretti.com\/wp-content\/uploads\/2023\/04\/Code_Lichmensch_Meer-e1682454532474-768x814.jpg 768w, https:\/\/www.irenelauretti.com\/wp-content\/uploads\/2023\/04\/Code_Lichmensch_Meer-e1682454532474-1450x1536.jpg 1450w, https:\/\/www.irenelauretti.com\/wp-content\/uploads\/2023\/04\/Code_Lichmensch_Meer-e1682454532474.jpg 1512w\" sizes=\"(max-width: 966px) 100vw, 966px\" \/><\/figure>\n<\/div>\n\n\n<div style=\"height:100px\" aria-hidden=\"true\" class=\"wp-block-spacer\"><\/div>\n\n\n\n<div id=\"wp-block-themeisle-blocks-accordion-5e04ce49\" data-has-schema=\"false\" class=\"wp-block-themeisle-blocks-accordion exclusive has-icon has-open-icon  is-style-default\">\n<details class=\"wp-block-themeisle-blocks-accordion-item\"><summary class=\"wp-block-themeisle-blocks-accordion-item__title\"><div>Lesermeinungen<\/div><\/summary><div class=\"wp-block-themeisle-blocks-accordion-item__content\">\n<p class=\"has-small-font-size\"><strong>t\u00e4glich wertvoller Begleiter f\u00fcr Gesundheit, Vitalit\u00e4t und mehr Wohlbefinden von Irene Lauretti<\/strong><br>Alle B\u00fccher von Irene Lauretti sind Meisterwerke und meine t\u00e4glichen Begleiter. \u201eDer Mond und der kosmische Code der Sch\u00f6pfung\u201c<br>\u201eDie gro\u00dfe Umkehr zum Lichtmenschen\u201c<br>\u201eDeine 26 Energieschl\u00f6sser entschl\u00fcsselt\u201c<br>\u201eSeelenzahlen\u201c<br>Jederzeit Energiereserven auff\u00fcllen und die Gesundheit st\u00e4rken, basierend auf einer jahrtausendealte japanischen Heilkunst, Zellen , Emotionen und Nerven harmonisieren.<br>Mit Hilfe dieser gro\u00dfartigen B\u00fccher k\u00f6nnen durch sanftes Halten der Finger und Ber\u00fchren bestimmter Energiepunkte am K\u00f6rper Ihre Selbstheilungskr\u00e4fte mobilisieren.<br>Ideal in Verbindung mit der neuen Luna.Jin App jederzeit sofort abrufbar, mit Mondstand, kompletten Verlauf der Str\u00f6me und Energieschl\u00f6sser, Timer, Ern\u00e4hrungstipps und passenden Musik\/Tonart, einfach super.<br>Vielen Dank an die Autorin Frau Irene Lauretti!<\/p>\n<\/div><\/details>\n<\/div>\n\n\n\n<div style=\"height:100px\" aria-hidden=\"true\" class=\"wp-block-spacer\"><\/div>\n\n\n\n<div class=\"wp-block-media-text is-stacked-on-mobile is-vertically-aligned-center is-style-default\"><figure class=\"wp-block-media-text__media\"><img decoding=\"async\" width=\"768\" height=\"1024\" src=\"https:\/\/www.irenelauretti.com\/wp-content\/uploads\/2023\/04\/Schaetzevereint3-768x1024.jpg\" alt=\"\" class=\"wp-image-3115 size-large\" srcset=\"https:\/\/www.irenelauretti.com\/wp-content\/uploads\/2023\/04\/Schaetzevereint3-768x1024.jpg 768w, https:\/\/www.irenelauretti.com\/wp-content\/uploads\/2023\/04\/Schaetzevereint3-225x300.jpg 225w, https:\/\/www.irenelauretti.com\/wp-content\/uploads\/2023\/04\/Schaetzevereint3-1152x1536.jpg 1152w, https:\/\/www.irenelauretti.com\/wp-content\/uploads\/2023\/04\/Schaetzevereint3.jpg 1512w\" sizes=\"(max-width: 768px) 100vw, 768px\" \/><\/figure><div class=\"wp-block-media-text__content\">\n<h2 class=\"wp-block-heading has-text-align-left\">Deutsche B\u00fccher<\/h2>\n\n\n\n<p class=\"has-text-align-left\"><a href=\"https:\/\/www.irenelauretti.com\/de\/books\/der-mond-und-der-kosmische-code-der-schoepfung\/\">Der Mond und der<\/a><br><a href=\"https:\/\/www.irenelauretti.com\/de\/books\/der-mond-und-der-kosmische-code-der-schoepfung\/\">kosmische Code der Sch\u00f6pfung<\/a><\/p>\n\n\n\n<p class=\"has-text-align-left\"><a href=\"https:\/\/www.irenelauretti.com\/de\/books\/media\/\">Der WAHRE Mondkalender:<\/a><br><a href=\"https:\/\/www.irenelauretti.com\/de\/books\/media\/\">Gesundheit in deiner Hand<\/a><\/p>\n\n\n\n<p class=\"has-text-align-left\"><a href=\"https:\/\/www.irenelauretti.com\/de\/mit-der-kraft-deiner-hande\/\">Mit der Kraft deiner H\u00e4nde<\/a><\/p>\n\n\n\n<p class=\"has-text-align-left\"><a href=\"https:\/\/www.irenelauretti.com\/de\/26-energieschlosser-german\/\">Deine 26 Energieschl\u00f6sser entschl\u00fcsselt durch die gro\u00dfen Arkana des Tarot<\/a><\/p>\n\n\n\n<p class=\"has-text-align-left\"><a href=\"https:\/\/www.irenelauretti.com\/de\/seelenzahlen\/\">Seelenzahlen<\/a><\/p>\n\n\n\n<p class=\"has-text-align-left\"><a href=\"https:\/\/www.irenelauretti.com\/de\/liebe\/\">Liebe<\/a><\/p>\n\n\n\n<p class=\"has-text-align-left\"><a href=\"https:\/\/www.irenelauretti.com\/de\/die-grosse-umkehr-zum-licht-mensch\/\">Die gro\u00dfe Umkehr zum<\/a> <a href=\"https:\/\/www.irenelauretti.com\/de\/die-grosse-umkehr-zum-licht-mensch\/\">LICHT\u2011Mensch<\/a><\/p>\n<\/div><\/div>\n\n\n\n<div style=\"height:100px\" aria-hidden=\"true\" class=\"wp-block-spacer\"><\/div>\n\n\n\n<div class=\"wp-block-media-text has-media-on-the-right is-stacked-on-mobile is-vertically-aligned-center\" style=\"grid-template-columns:auto 26%\"><div class=\"wp-block-media-text__content\">\n<h2 class=\"wp-block-heading\"><a href=\"https:\/\/www.irenelauretti.com\/en\/books-link\/\">Englische B\u00fccher<\/a><\/h2>\n\n\n\n<p><a href=\"https:\/\/www.irenelauretti.com\/en\/feeling-great-moon\/\">Feeling Great with the Moon<\/a><\/p>\n\n\n\n<p><a href=\"https:\/\/www.irenelauretti.com\/en\/books\/wellness-above-the-clouds\/\">Wellness above the Clouds<\/a><\/p>\n<\/div><figure class=\"wp-block-media-text__media\"><img loading=\"lazy\" decoding=\"async\" width=\"682\" height=\"1024\" src=\"https:\/\/www.irenelauretti.com\/wp-content\/uploads\/2013\/11\/Memybook-682x1024.jpg\" alt=\"\" class=\"wp-image-1119 size-full\" srcset=\"https:\/\/www.irenelauretti.com\/wp-content\/uploads\/2013\/11\/Memybook-682x1024.jpg 682w, https:\/\/www.irenelauretti.com\/wp-content\/uploads\/2013\/11\/Memybook-199x300.jpg 199w, https:\/\/www.irenelauretti.com\/wp-content\/uploads\/2013\/11\/Memybook-700x1050.jpg 700w, https:\/\/www.irenelauretti.com\/wp-content\/uploads\/2013\/11\/Memybook-1050x1575.jpg 1050w, https:\/\/www.irenelauretti.com\/wp-content\/uploads\/2013\/11\/Memybook-690x1035.jpg 690w, https:\/\/www.irenelauretti.com\/wp-content\/uploads\/2013\/11\/Memybook-330x495.jpg 330w, https:\/\/www.irenelauretti.com\/wp-content\/uploads\/2013\/11\/Memybook-500x750.jpg 500w, https:\/\/www.irenelauretti.com\/wp-content\/uploads\/2013\/11\/Memybook.jpg 1333w\" sizes=\"(max-width: 682px) 100vw, 682px\" \/><\/figure><\/div>","protected":false},"excerpt":{"rendered":"<p>Meine B\u00fccher sind mein Herzens- und Lebensauftrag&nbsp;\u2013 das&nbsp;Geschenk des Himmels, empfangen an der Himmelspforte bei und nach einer au\u00dferk\u00f6rperlichen Erfahrung , um es den Menschen in Liebe durch meine Worte&nbsp;\u2013 durch die B\u00fccher und meine zahlreichen Blogs und Live-Filme&nbsp;\u2013 weiterzugeben!JETZT ist der seit Christus verhei\u00dfene Moment der Gro\u00dfen Umkehr&nbsp;\u2013 JETZT&nbsp;\u2013 im Wassermannzeitalter&nbsp;\u2013 soll das Wissen [&hellip;]<\/p>\n","protected":false},"author":2,"featured_media":0,"parent":0,"menu_order":0,"comment_status":"closed","ping_status":"open","template":"","meta":{"_coblocks_attr":"","_coblocks_dimensions":"","_coblocks_responsive_height":"","_coblocks_accordion_ie_support":"","ocean_post_layout":"","ocean_both_sidebars_style":"","ocean_both_sidebars_content_width":0,"ocean_both_sidebars_sidebars_width":0,"ocean_sidebar":"0","ocean_second_sidebar":"0","ocean_disable_margins":"enable","ocean_add_body_class":"","ocean_shortcode_before_top_bar":"","ocean_shortcode_after_top_bar":"","ocean_shortcode_before_header":"","ocean_shortcode_after_header":"","ocean_has_shortcode":"","ocean_shortcode_after_title":"","ocean_shortcode_before_footer_widgets":"","ocean_shortcode_after_footer_widgets":"","ocean_shortcode_before_footer_bottom":"","ocean_shortcode_after_footer_bottom":"","ocean_display_top_bar":"default","ocean_display_header":"default","ocean_header_style":"","ocean_center_header_left_menu":"0","ocean_custom_header_template":"0","ocean_custom_logo":0,"ocean_custom_retina_logo":0,"ocean_custom_logo_max_width":0,"ocean_custom_logo_tablet_max_width":0,"ocean_custom_logo_mobile_max_width":0,"ocean_custom_logo_max_height":0,"ocean_custom_logo_tablet_max_height":0,"ocean_custom_logo_mobile_max_height":0,"ocean_header_custom_menu":"0","ocean_menu_typo_font_family":"0","ocean_menu_typo_font_subset":"","ocean_menu_typo_font_size":0,"ocean_menu_typo_font_size_tablet":0,"ocean_menu_typo_font_size_mobile":0,"ocean_menu_typo_font_size_unit":"px","ocean_menu_typo_font_weight":"","ocean_menu_typo_font_weight_tablet":"","ocean_menu_typo_font_weight_mobile":"","ocean_menu_typo_transform":"","ocean_menu_typo_transform_tablet":"","ocean_menu_typo_transform_mobile":"","ocean_menu_typo_line_height":0,"ocean_menu_typo_line_height_tablet":0,"ocean_menu_typo_line_height_mobile":0,"ocean_menu_typo_line_height_unit":"","ocean_menu_typo_spacing":0,"ocean_menu_typo_spacing_tablet":0,"ocean_menu_typo_spacing_mobile":0,"ocean_menu_typo_spacing_unit":"","ocean_menu_link_color":"","ocean_menu_link_color_hover":"","ocean_menu_link_color_active":"","ocean_menu_link_background":"","ocean_menu_link_hover_background":"","ocean_menu_link_active_background":"","ocean_menu_social_links_bg":"","ocean_menu_social_hover_links_bg":"","ocean_menu_social_links_color":"","ocean_menu_social_hover_links_color":"","ocean_disable_title":"on","ocean_disable_heading":"default","ocean_post_title":"","ocean_post_subheading":"","ocean_post_title_style":"","ocean_post_title_background_color":"","ocean_post_title_background":0,"ocean_post_title_bg_image_position":"","ocean_post_title_bg_image_attachment":"","ocean_post_title_bg_image_repeat":"","ocean_post_title_bg_image_size":"","ocean_post_title_height":0,"ocean_post_title_bg_overlay":0.5,"ocean_post_title_bg_overlay_color":"","ocean_disable_breadcrumbs":"default","ocean_breadcrumbs_color":"","ocean_breadcrumbs_separator_color":"","ocean_breadcrumbs_links_color":"","ocean_breadcrumbs_links_hover_color":"","ocean_display_footer_widgets":"default","ocean_display_footer_bottom":"default","ocean_custom_footer_template":"0","omw_enable_modal_window":"enable","_themeisle_gutenberg_block_has_review":false,"footnotes":""},"class_list":["post-2037","page","type-page","status-publish","hentry","entry"],"yoast_head":"<!-- This site is optimized with the Yoast SEO plugin v27.4 - https:\/\/yoast.com\/product\/yoast-seo-wordpress\/ -->\n<title>Meine B\u00fccher - irenelauretti.com<\/title>\n<meta name=\"robots\" content=\"index, follow, max-snippet:-1, max-image-preview:large, max-video-preview:-1\" \/>\n<link rel=\"canonical\" href=\"https:\/\/www.irenelauretti.com\/de\/books-link\/\" \/>\n<meta name=\"twitter:card\" content=\"summary_large_image\" \/>\n<meta name=\"twitter:title\" content=\"Meine B\u00fccher - irenelauretti.com\" \/>\n<meta name=\"twitter:description\" content=\"Meine B\u00fccher sind mein Herzens- und Lebensauftrag&nbsp;\u2013 das&nbsp;Geschenk des Himmels, empfangen an der Himmelspforte bei und nach einer au\u00dferk\u00f6rperlichen Erfahrung , um es den Menschen in Liebe durch meine Worte&nbsp;\u2013 durch die B\u00fccher und meine zahlreichen Blogs und Live-Filme&nbsp;\u2013 weiterzugeben!JETZT ist der seit Christus verhei\u00dfene Moment der Gro\u00dfen Umkehr&nbsp;\u2013 JETZT&nbsp;\u2013 im Wassermannzeitalter&nbsp;\u2013 soll das Wissen [&hellip;]\" \/>\n<meta name=\"twitter:image\" content=\"https:\/\/www.irenelauretti.com\/wp-content\/uploads\/2023\/08\/mit-Buechern-2.jpg\" \/>\n<meta name=\"twitter:label1\" content=\"Gesch\u00e4tzte Lesezeit\" \/>\n\t<meta name=\"twitter:data1\" content=\"3\u00a0Minuten\" \/>\n<script type=\"application\/ld+json\" class=\"yoast-schema-graph\">{\"@context\":\"https:\\\/\\\/schema.org\",\"@graph\":[{\"@type\":\"WebPage\",\"@id\":\"https:\\\/\\\/www.irenelauretti.com\\\/de\\\/books-link\\\/\",\"url\":\"https:\\\/\\\/www.irenelauretti.com\\\/de\\\/books-link\\\/\",\"name\":\"Meine B\u00fccher - irenelauretti.com\",\"isPartOf\":{\"@id\":\"https:\\\/\\\/www.irenelauretti.com\\\/de\\\/#website\"},\"primaryImageOfPage\":{\"@id\":\"https:\\\/\\\/www.irenelauretti.com\\\/de\\\/books-link\\\/#primaryimage\"},\"image\":{\"@id\":\"https:\\\/\\\/www.irenelauretti.com\\\/books-link\\\/#primaryimage\"},\"thumbnailUrl\":\"https:\\\/\\\/www.irenelauretti.com\\\/wp-content\\\/uploads\\\/2023\\\/08\\\/mit-Buechern-2.jpg\",\"datePublished\":\"2016-02-16T09:40:28+00:00\",\"dateModified\":\"2025-05-26T20:04:16+00:00\",\"breadcrumb\":{\"@id\":\"https:\\\/\\\/www.irenelauretti.com\\\/de\\\/books-link\\\/#breadcrumb\"},\"inLanguage\":\"de\",\"potentialAction\":[{\"@type\":\"ReadAction\",\"target\":[[\"https:\\\/\\\/www.irenelauretti.com\\\/de\\\/books-link\\\/\"]]}]},{\"@type\":\"ImageObject\",\"inLanguage\":\"de\",\"@id\":\"https:\\\/\\\/www.irenelauretti.com\\\/de\\\/books-link\\\/#primaryimage\",\"url\":\"https:\\\/\\\/www.irenelauretti.com\\\/wp-content\\\/uploads\\\/2023\\\/08\\\/mit-Buechern-2.jpg\",\"contentUrl\":\"https:\\\/\\\/www.irenelauretti.com\\\/wp-content\\\/uploads\\\/2023\\\/08\\\/mit-Buechern-2.jpg\"},{\"@type\":\"BreadcrumbList\",\"@id\":\"https:\\\/\\\/www.irenelauretti.com\\\/de\\\/books-link\\\/#breadcrumb\",\"itemListElement\":[{\"@type\":\"ListItem\",\"position\":1,\"name\":\"Start\",\"item\":\"https:\\\/\\\/www.irenelauretti.com\\\/de\\\/\"},{\"@type\":\"ListItem\",\"position\":2,\"name\":\"Meine B\u00fccher\"}]},{\"@type\":\"WebSite\",\"@id\":\"https:\\\/\\\/www.irenelauretti.com\\\/de\\\/#website\",\"url\":\"https:\\\/\\\/www.irenelauretti.com\\\/de\\\/\",\"name\":\"irenelauretti.com\",\"description\":\"Autorin Mystikerin Heilerin Vision\u00e4rin\",\"publisher\":{\"@id\":\"https:\\\/\\\/www.irenelauretti.com\\\/de\\\/#organization\"},\"potentialAction\":[{\"@type\":\"SearchAction\",\"target\":{\"@type\":\"EntryPoint\",\"urlTemplate\":\"https:\\\/\\\/www.irenelauretti.com\\\/de\\\/?s={search_term_string}\"},\"query-input\":{\"@type\":\"PropertyValueSpecification\",\"valueRequired\":true,\"valueName\":\"search_term_string\"}}],\"inLanguage\":\"de\"},{\"@type\":\"Organization\",\"@id\":\"https:\\\/\\\/www.irenelauretti.com\\\/de\\\/#organization\",\"name\":\"irenelauretti.com\",\"url\":\"https:\\\/\\\/www.irenelauretti.com\\\/de\\\/\",\"logo\":{\"@type\":\"ImageObject\",\"inLanguage\":\"de\",\"@id\":\"https:\\\/\\\/www.irenelauretti.com\\\/de\\\/#\\\/schema\\\/logo\\\/image\\\/\",\"url\":\"https:\\\/\\\/www.irenelauretti.com\\\/wp-content\\\/uploads\\\/2013\\\/08\\\/Logo_with.png\",\"contentUrl\":\"https:\\\/\\\/www.irenelauretti.com\\\/wp-content\\\/uploads\\\/2013\\\/08\\\/Logo_with.png\",\"width\":180,\"height\":113,\"caption\":\"irenelauretti.com\"},\"image\":{\"@id\":\"https:\\\/\\\/www.irenelauretti.com\\\/de\\\/#\\\/schema\\\/logo\\\/image\\\/\"}}]}<\/script>\n<!-- \/ Yoast SEO plugin. -->","yoast_head_json":{"title":"Meine B\u00fccher - irenelauretti.com","robots":{"index":"index","follow":"follow","max-snippet":"max-snippet:-1","max-image-preview":"max-image-preview:large","max-video-preview":"max-video-preview:-1"},"canonical":"https:\/\/www.irenelauretti.com\/de\/books-link\/","twitter_card":"summary_large_image","twitter_title":"Meine B\u00fccher - irenelauretti.com","twitter_description":"Meine B\u00fccher sind mein Herzens- und Lebensauftrag&nbsp;\u2013 das&nbsp;Geschenk des Himmels, empfangen an der Himmelspforte bei und nach einer au\u00dferk\u00f6rperlichen Erfahrung , um es den Menschen in Liebe durch meine Worte&nbsp;\u2013 durch die B\u00fccher und meine zahlreichen Blogs und Live-Filme&nbsp;\u2013 weiterzugeben!JETZT ist der seit Christus verhei\u00dfene Moment der Gro\u00dfen Umkehr&nbsp;\u2013 JETZT&nbsp;\u2013 im Wassermannzeitalter&nbsp;\u2013 soll das Wissen [&hellip;]","twitter_image":"https:\/\/www.irenelauretti.com\/wp-content\/uploads\/2023\/08\/mit-Buechern-2.jpg","twitter_misc":{"Gesch\u00e4tzte Lesezeit":"3\u00a0Minuten"},"schema":{"@context":"https:\/\/schema.org","@graph":[{"@type":"WebPage","@id":"https:\/\/www.irenelauretti.com\/de\/books-link\/","url":"https:\/\/www.irenelauretti.com\/de\/books-link\/","name":"Meine B\u00fccher - irenelauretti.com","isPartOf":{"@id":"https:\/\/www.irenelauretti.com\/de\/#website"},"primaryImageOfPage":{"@id":"https:\/\/www.irenelauretti.com\/de\/books-link\/#primaryimage"},"image":{"@id":"https:\/\/www.irenelauretti.com\/books-link\/#primaryimage"},"thumbnailUrl":"https:\/\/www.irenelauretti.com\/wp-content\/uploads\/2023\/08\/mit-Buechern-2.jpg","datePublished":"2016-02-16T09:40:28+00:00","dateModified":"2025-05-26T20:04:16+00:00","breadcrumb":{"@id":"https:\/\/www.irenelauretti.com\/de\/books-link\/#breadcrumb"},"inLanguage":"de","potentialAction":[{"@type":"ReadAction","target":[["https:\/\/www.irenelauretti.com\/de\/books-link\/"]]}]},{"@type":"ImageObject","inLanguage":"de","@id":"https:\/\/www.irenelauretti.com\/de\/books-link\/#primaryimage","url":"https:\/\/www.irenelauretti.com\/wp-content\/uploads\/2023\/08\/mit-Buechern-2.jpg","contentUrl":"https:\/\/www.irenelauretti.com\/wp-content\/uploads\/2023\/08\/mit-Buechern-2.jpg"},{"@type":"BreadcrumbList","@id":"https:\/\/www.irenelauretti.com\/de\/books-link\/#breadcrumb","itemListElement":[{"@type":"ListItem","position":1,"name":"Start","item":"https:\/\/www.irenelauretti.com\/de\/"},{"@type":"ListItem","position":2,"name":"Meine B\u00fccher"}]},{"@type":"WebSite","@id":"https:\/\/www.irenelauretti.com\/de\/#website","url":"https:\/\/www.irenelauretti.com\/de\/","name":"irenelauretti.com","description":"Autorin Mystikerin Heilerin Vision\u00e4rin","publisher":{"@id":"https:\/\/www.irenelauretti.com\/de\/#organization"},"potentialAction":[{"@type":"SearchAction","target":{"@type":"EntryPoint","urlTemplate":"https:\/\/www.irenelauretti.com\/de\/?s={search_term_string}"},"query-input":{"@type":"PropertyValueSpecification","valueRequired":true,"valueName":"search_term_string"}}],"inLanguage":"de"},{"@type":"Organization","@id":"https:\/\/www.irenelauretti.com\/de\/#organization","name":"irenelauretti.com","url":"https:\/\/www.irenelauretti.com\/de\/","logo":{"@type":"ImageObject","inLanguage":"de","@id":"https:\/\/www.irenelauretti.com\/de\/#\/schema\/logo\/image\/","url":"https:\/\/www.irenelauretti.com\/wp-content\/uploads\/2013\/08\/Logo_with.png","contentUrl":"https:\/\/www.irenelauretti.com\/wp-content\/uploads\/2013\/08\/Logo_with.png","width":180,"height":113,"caption":"irenelauretti.com"},"image":{"@id":"https:\/\/www.irenelauretti.com\/de\/#\/schema\/logo\/image\/"}}]}},"_links":{"self":[{"href":"https:\/\/www.irenelauretti.com\/de\/wp-json\/wp\/v2\/pages\/2037","targetHints":{"allow":["GET"]}}],"collection":[{"href":"https:\/\/www.irenelauretti.com\/de\/wp-json\/wp\/v2\/pages"}],"about":[{"href":"https:\/\/www.irenelauretti.com\/de\/wp-json\/wp\/v2\/types\/page"}],"author":[{"embeddable":true,"href":"https:\/\/www.irenelauretti.com\/de\/wp-json\/wp\/v2\/users\/2"}],"replies":[{"embeddable":true,"href":"https:\/\/www.irenelauretti.com\/de\/wp-json\/wp\/v2\/comments?post=2037"}],"version-history":[{"count":62,"href":"https:\/\/www.irenelauretti.com\/de\/wp-json\/wp\/v2\/pages\/2037\/revisions"}],"predecessor-version":[{"id":5980,"href":"https:\/\/www.irenelauretti.com\/de\/wp-json\/wp\/v2\/pages\/2037\/revisions\/5980"}],"wp:attachment":[{"href":"https:\/\/www.irenelauretti.com\/de\/wp-json\/wp\/v2\/media?parent=2037"}],"curies":[{"name":"wp","href":"https:\/\/api.w.org\/{rel}","templated":true}]}}