{"id":2249,"date":"2017-09-16T18:36:09","date_gmt":"2017-09-16T18:36:09","guid":{"rendered":"http:\/\/www.irenelauretti.com\/?page_id=2249"},"modified":"2026-01-03T22:22:17","modified_gmt":"2026-01-03T21:22:17","slug":"seelenzahlen","status":"publish","type":"page","link":"https:\/\/www.irenelauretti.com\/de\/seelenzahlen\/","title":{"rendered":"Seelenzahlen"},"content":{"rendered":"<div class=\"wp-block-columns is-layout-flex wp-container-core-columns-is-layout-9d6595d7 wp-block-columns-is-layout-flex\">\n<div class=\"wp-block-column is-vertically-aligned-center is-layout-flow wp-block-column-is-layout-flow\" style=\"flex-basis:50%\"><div class=\"wp-block-image\">\n<figure class=\"aligncenter size-full is-resized\"><a href=\"https:\/\/www.irenelauretti.com\/home\/cover_seelenzahlen_1\/\"><img fetchpriority=\"high\" decoding=\"async\" width=\"600\" height=\"862\" src=\"https:\/\/www.irenelauretti.com\/wp-content\/uploads\/2018\/02\/Cover_Seelenzahlen_1.jpg\" alt=\"Seelenzahlen\" class=\"wp-image-2335\" style=\"object-fit:cover;width:300px;height:undefinedpx\" srcset=\"https:\/\/www.irenelauretti.com\/wp-content\/uploads\/2018\/02\/Cover_Seelenzahlen_1.jpg 600w, https:\/\/www.irenelauretti.com\/wp-content\/uploads\/2018\/02\/Cover_Seelenzahlen_1-208x300.jpg 208w, https:\/\/www.irenelauretti.com\/wp-content\/uploads\/2018\/02\/Cover_Seelenzahlen_1-330x474.jpg 330w, https:\/\/www.irenelauretti.com\/wp-content\/uploads\/2018\/02\/Cover_Seelenzahlen_1-500x718.jpg 500w\" sizes=\"(max-width: 600px) 100vw, 600px\" \/><\/a><\/figure>\n<\/div><\/div>\n\n\n\n<div class=\"wp-block-column is-vertically-aligned-center is-layout-flow wp-block-column-is-layout-flow\" style=\"flex-basis:50%\"><div class=\"wp-block-image\">\n<figure class=\"aligncenter is-resized\"><a href=\"https:\/\/www.irenelauretti.com\/wp-content\/uploads\/2023\/07\/Seelenzahlen_back.jpg\" data-rel=\"lightbox-image-0\" data-rl_title=\"\" data-rl_caption=\"\" title=\"\"><img decoding=\"async\" src=\"https:\/\/www.irenelauretti.com\/wp-content\/uploads\/2023\/07\/Seelenzahlen_back-212x300.jpg\" alt=\"Seelenzahlen\" style=\"width:300px;height:auto\"\/><\/a><\/figure>\n<\/div><\/div>\n<\/div>\n\n\n\n<div style=\"height:50px\" aria-hidden=\"true\" class=\"wp-block-spacer\"><\/div>\n\n\n\n<h1 class=\"wp-block-heading has-text-align-center ticss-0be9c0dd has-text-color has-link-color has-large-font-size wp-elements-687e1976e6391b816c22e29f97a6ccdb\" style=\"color:#0000ff\">&#8222;<a href=\"https:\/\/amzn.to\/2zPLHGX\" target=\"_blank\" rel=\"noreferrer noopener\">Seelenzahlen<\/a>&#8220; &#8211; Deine Zahlen entschl\u00fcsselt!<\/h1>\n\n\n\n<div style=\"height:50px\" aria-hidden=\"true\" class=\"wp-block-spacer\"><\/div>\n\n\n\n<div class=\"wp-block-buttons has-custom-font-size has-background has-small-font-size is-content-justification-center is-layout-flex wp-container-core-buttons-is-layout-16018d1d wp-block-buttons-is-layout-flex\" style=\"background-color:#ff0000\">\n<div class=\"wp-block-button is-style-outline is-style-outline--1\"><a class=\"wp-block-button__link has-white-background-color has-text-color has-background has-link-color has-text-align-center wp-element-button\" href=\"#lesermeinungen\" style=\"color:#ff0000\"><strong>Lesermeinungen<\/strong><\/a><\/div>\n\n\n\n<div class=\"wp-block-button is-style-outline is-style-outline--2\"><a class=\"wp-block-button__link has-white-background-color has-text-color has-background has-link-color wp-element-button\" href=\"#leseprobe\" style=\"color:#ff0000\"><strong>Leseprobe<\/strong><\/a><\/div>\n<\/div>\n\n\n\n<div style=\"height:50px\" aria-hidden=\"true\" class=\"wp-block-spacer\"><\/div>\n\n\n\n<p class=\"has-text-align-center wp-block-heading has-large-font-size has-text-color has-link-color has-small-font-size wp-elements-17a14371ef16324bf89633a4455e21b8\" style=\"color:#0000ff\"><\/p>\n\n\n\n<p class=\"has-text-align-center\"> <strong>13 Jahre bevor ich das Buch SEELENZAHLEN empfing,   traf ich im Regenwald von Trinidad die Erdfrau &#8211; eine Frau, die 7 Jahre fernab der Zivilasation lebte.  W\u00e4hrend dieser Zeit empfing sie durch ihren &#8222;spirit&#8220; (Geist) die Weisheit \u00fcber die Zahlen der SEELE &#8211; und \u00fcbermittelte sie mir.<\/strong><\/p>\n\n\n\n<p class=\"has-text-align-center ticss-19c8911a\">13 Jahre und 4 B\u00fccher sowie unz\u00e4hlige Zahlen-Erfahrungen\u00a0 sp\u00e4ter gab ich dann mein Buch &#8222;Seelenzahlen&#8220; heraus &#8211;\u00a0 das erste Numerologie-Buch, welches neben der Tages- und Lebenszahl auch die Schicksals- Gesamtzahl, aktuelle Lebenszahl SOWIE die Zahlenbedeutungen f\u00fcr Seelenpartnerschaften erl\u00e4utert!<\/p>\n\n\n\n<p class=\"has-text-align-center ticss-189fb6ae\">Ja, die Zahlen sind &#8211; ebenso wie die in &#8222;<a href=\"https:\/\/amzn.to\/2lbjd6l\" target=\"_blank\" rel=\"noreferrer noopener\">Der&nbsp;Mond&nbsp;und&nbsp;der&nbsp;kosmische&nbsp;Code&nbsp;der&nbsp;Sch\u00f6pfung<\/a>&#8220; beschriebenen Seelentore auch Tore zum SELBST!<\/p>\n\n\n\n<p class=\"has-text-align-center ticss-189fb6ae\">Und sie sprechen jeden Tag zu Dir &#8211; durch jede Zahl und jedes Ziffernblatt auf welches Du siehst! Es sind hinweise Deiner SEELE, und das Buch &#8222;Seelenzahlen&#8220; zeigt Dir wie Du diese Hinweise nutzt &#8211; f\u00fcr DICH, Deine Lieben, die Zusammenarbeit und das Verst\u00e4ndnis mit und der Kollegen &#8211; und der Kunst des Lebens \u00fcberhaupt!<\/p>\n\n\n\n<p class=\"has-text-align-center ticss-189fb6ae\">&#8222;<a href=\"https:\/\/amzn.to\/2zPLHGX\" target=\"_blank\" rel=\"noreferrer noopener\">Seelenzahlen<\/a>&#8220; ist ein Buch aus und f\u00fcr das Leben &#8211; einfach und praktisch und f\u00fcr JEDEN sofort anwendbar!<br>Ich w\u00fcnsche Dir einen freudvollen Zahlen-Bewusstseins-Tanz Deiner                                              SEELE! <\/p>\n\n\n\n<div style=\"height:50px\" aria-hidden=\"true\" class=\"wp-block-spacer\"><\/div>\n\n\n\n<p class=\"has-text-align-center ticss-189fb6ae\">Herzlichst,<\/p>\n\n\n<div class=\"wp-block-image\">\n<figure class=\"aligncenter size-full is-resized\"><a href=\"https:\/\/www.irenelauretti.com\/wp-content\/uploads\/2013\/09\/Logo_mobile.png\" data-rel=\"lightbox-image-1\" data-rl_title=\"\" data-rl_caption=\"\" title=\"\"><img decoding=\"async\" width=\"360\" height=\"226\" src=\"https:\/\/www.irenelauretti.com\/wp-content\/uploads\/2013\/09\/Logo_mobile.png?_t=1733095308\" alt=\"\" class=\"wp-image-297\" style=\"width:330px\" srcset=\"https:\/\/www.irenelauretti.com\/wp-content\/uploads\/2013\/09\/Logo_mobile.png 360w, https:\/\/www.irenelauretti.com\/wp-content\/uploads\/2013\/09\/Logo_mobile-300x188.png 300w, https:\/\/www.irenelauretti.com\/wp-content\/uploads\/2013\/09\/Logo_mobile-330x207.png 330w, https:\/\/www.irenelauretti.com\/wp-content\/uploads\/2013\/09\/Logo_mobile-90x56.png 90w, https:\/\/www.irenelauretti.com\/wp-content\/uploads\/2013\/09\/Logo_mobile-150x94.png 150w\" sizes=\"(max-width: 360px) 100vw, 360px\" \/><\/a><\/figure>\n<\/div>\n\n\n<div style=\"height:100px\" aria-hidden=\"true\" id=\"lesermeinungen\" class=\"wp-block-spacer\"><\/div>\n\n\n\n<div id=\"wp-block-themeisle-blocks-accordion-b7bbe50a\" class=\"wp-block-themeisle-blocks-accordion exclusive has-icon has-open-icon is-style-default ticss-530d8bdb\">\n<details class=\"wp-block-themeisle-blocks-accordion-item ticss-7a51fe73\"><summary class=\"wp-block-themeisle-blocks-accordion-item__title\"><div><strong>Lesermeinungen<\/strong><\/div><\/summary><div class=\"wp-block-themeisle-blocks-accordion-item__content\">\n<blockquote class=\"wp-block-quote has-small-font-size is-layout-flow wp-block-quote-is-layout-flow\" style=\"color:#0000ff\">\n<p>&#8222;Ich habe das Buch verschlungen .. da ich die Numerologie anders gekannt habe &#8230; jetzt habe ich endlich erkannt weshalb und wieso ich \u00fcberhaupt hier auf der Erde bin.&#8220;<\/p>\n<cite>Manuela H.<\/cite><\/blockquote>\n\n\n\n<blockquote class=\"wp-block-quote ticss-eb675bc2 has-text-color has-link-color has-small-font-size wp-elements-0f1dc2d26721173bc04c1195106e862e is-layout-flow wp-block-quote-is-layout-flow\" style=\"color:#0000ff\">\n<h1 class=\"wp-block-heading ticss-b8333b97 has-text-color has-link-color has-small-font-size wp-elements-e105f05000aa32fc772fe60518079487\" style=\"color:#0000ff\"><img decoding=\"async\" width=\"90\" height=\"17\" class=\"wp-image-3946\" style=\"width: 90px;\" src=\"https:\/\/www.irenelauretti.com\/wp-content\/uploads\/2023\/09\/Amazon5S.png\" alt=\"\">  Seelenzahlen \u2026 spricht die Sprache unserer Seele<\/h1>\n\n\n\n<p class=\"ticss-60d8b22a has-small-font-size\">Ich besch\u00e4ftige mich schon sehr lange mit Numerologie \u2026 doch dieses Buch setzt dem noch eine KRONE auf \u2026 nicht zuletzt, weil es gemeinsam mit TAROT und dem HEILSTR\u00d6MEN verwendet werden kann \u2026 und immer wieder NEUE Sichtweisen er\u00f6ffnet. Es ist ein Buch \u2026 nicht nur zum Lesen \u2026 sondern zum ANWENDEN \u2026 es spricht die Spache unserer Seele. Egal ob zu Hause \u2026 im Urlaub \u2026 unterwegs \u2026 in der Partnerschaft \u2026 oder mit Freunden \u2026 es wird helfen \u2026 \u00fcber den Tellerrand hinauszuschauen \u2026 es l\u00e4sst HINTER das blicken \u2026 was vordergr\u00fcndig er-SCHEINT \u2026 und es wird JEDEN \u2026 der es liest, BEWUSSTER machen. Wie ALLE B\u00fccher von Irene Lauretti \u2026 ist auch dieses Buch eine WAHRE Fundgrube \u2026 es zeigt einfach die WAHRHEIT \u2026 es f\u00fchrt uns zu mehr LIEBE und inneren Seelenfrieden \u2026 zu mehr VERSTEHEN \u2026 und vielleicht auch zu einer Partnerschaft auf Augenh\u00f6he. ALLE B\u00fccher von Irene sind EINFACH anzuwenden \u2026 f\u00fcr JEDERMANN \u2026 sie sind WAHRE Hilfe und Wegbegleitung \u2026 sie sind einfach VOLLKOMMEN. Kann ich nur weiter empfehlen! Ein herzliches Dankesch\u00f6n.<\/p>\n<cite>Monika Blencke via Amazon<\/cite><\/blockquote>\n\n\n\n<blockquote class=\"wp-block-quote has-text-color has-link-color has-small-font-size wp-elements-6917c18dd61bdb3916bd03c0366923f1 is-layout-flow wp-block-quote-is-layout-flow\" style=\"color:#0000ff\">\n<p class=\"ticss-51ba4e08 has-small-font-size\">Dein Seelenzahlen Buch finde ich so bereichernd und was dir daf\u00fcr offenbart wurde, f\u00fcr mich Selbst so bereichernd, auch um andere Seelen besser verstehen und erkennen zu k\u00f6nnen <img loading=\"lazy\" decoding=\"async\" width=\"16\" height=\"16\" class=\"\" src=\"https:\/\/static.xx.fbcdn.net\/images\/emoji.php\/v9\/ta2\/1.5\/16\/1faf6.png\" alt=\"\ud83e\udef6\"> danke sehr <img loading=\"lazy\" decoding=\"async\" width=\"16\" height=\"16\" class=\"\" src=\"https:\/\/static.xx.fbcdn.net\/images\/emoji.php\/v9\/t52\/1.5\/16\/1f469_200d_2764_200d_1f48b_200d_1f469.png\" alt=\"\ud83d\udc69\u200d\u2764\ufe0f\u200d\ud83d\udc8b\u200d\ud83d\udc69\"><\/p>\n<cite>Sabine Zillich<\/cite><\/blockquote>\n\n\n\n<blockquote class=\"wp-block-quote has-small-font-size is-layout-flow wp-block-quote-is-layout-flow\" style=\"color:#0000ff\">\n<h1 class=\"wp-block-heading has-text-color has-link-color has-small-font-size wp-elements-eb1411e977c80b812d93e835b63c72dc\" style=\"color:#0000ff\"><img decoding=\"async\" width=\"90\" height=\"17\" class=\"wp-image-3946\" style=\"width: 90px;\" src=\"https:\/\/www.irenelauretti.com\/wp-content\/uploads\/2023\/09\/Amazon5S.png\" alt=\"\">  Tolles Buch!<\/h1>\n\n\n\n<p class=\"has-small-font-size\">Ein tolles Buch, welches mir geholfen hat meine Mitmenschen und mich besser zu verstehen! Irene Lauretti ist eine wunderbare Autorin und ihre restlichen B\u00fccher, inklusive diesem bauen aufeinander auf. Alles andere als dieser 0815 Nummerologie-Kram den man in Google findet!<\/p>\n\n\n\n<p class=\"has-small-font-size\">Absolut empfehlenswert!<\/p>\n<cite>Jasmin via Amazon<\/cite><\/blockquote>\n<\/div><\/details>\n<\/div>\n\n\n\n<div style=\"height:50px\" aria-hidden=\"true\" id=\"leseprobe\" class=\"wp-block-spacer\"><\/div>\n\n\n<a href=\"https:\/\/www.irenelauretti.com\/wp-content\/uploads\/2017\/09\/Irene_Lauretti_SEELEN-Zahlen.pdf\" class=\"pdfemb-viewer\" style=\"height:700px;\" data-width=\"max\" data-height=\"700\" data-toolbar=\"bottom\" data-toolbar-fixed=\"on\">Irene_Lauretti_SEELEN-Zahlen<\/a>\n\n\n<div style=\"height:200px\" aria-hidden=\"true\" class=\"wp-block-spacer\"><\/div>\n\n\n\n<p class=\"has-text-align-right ticss-1ec5892e has-small-font-size\">(Die angegebenen Buchlinks geh\u00f6ren zum Amazon Partnerprogramm)<\/p>","protected":false},"excerpt":{"rendered":"<p>&#8222;Seelenzahlen&#8220; &#8211; Deine Zahlen entschl\u00fcsselt! 13 Jahre bevor ich das Buch SEELENZAHLEN empfing, traf ich im Regenwald von Trinidad die Erdfrau &#8211; eine Frau, die 7 Jahre fernab der Zivilasation lebte. W\u00e4hrend dieser Zeit empfing sie durch ihren &#8222;spirit&#8220; (Geist) die Weisheit \u00fcber die Zahlen der SEELE &#8211; und \u00fcbermittelte sie mir. 13 Jahre und [&hellip;]<\/p>\n","protected":false},"author":2,"featured_media":0,"parent":0,"menu_order":0,"comment_status":"closed","ping_status":"open","template":"","meta":{"_coblocks_attr":"","_coblocks_dimensions":"","_coblocks_responsive_height":"","_coblocks_accordion_ie_support":"","ocean_post_layout":"","ocean_both_sidebars_style":"","ocean_both_sidebars_content_width":0,"ocean_both_sidebars_sidebars_width":0,"ocean_sidebar":"0","ocean_second_sidebar":"0","ocean_disable_margins":"enable","ocean_add_body_class":"","ocean_shortcode_before_top_bar":"","ocean_shortcode_after_top_bar":"","ocean_shortcode_before_header":"","ocean_shortcode_after_header":"","ocean_has_shortcode":"","ocean_shortcode_after_title":"","ocean_shortcode_before_footer_widgets":"","ocean_shortcode_after_footer_widgets":"","ocean_shortcode_before_footer_bottom":"","ocean_shortcode_after_footer_bottom":"","ocean_display_top_bar":"default","ocean_display_header":"default","ocean_header_style":"","ocean_center_header_left_menu":"0","ocean_custom_header_template":"0","ocean_custom_logo":0,"ocean_custom_retina_logo":0,"ocean_custom_logo_max_width":0,"ocean_custom_logo_tablet_max_width":0,"ocean_custom_logo_mobile_max_width":0,"ocean_custom_logo_max_height":0,"ocean_custom_logo_tablet_max_height":0,"ocean_custom_logo_mobile_max_height":0,"ocean_header_custom_menu":"0","ocean_menu_typo_font_family":"0","ocean_menu_typo_font_subset":"","ocean_menu_typo_font_size":0,"ocean_menu_typo_font_size_tablet":0,"ocean_menu_typo_font_size_mobile":0,"ocean_menu_typo_font_size_unit":"px","ocean_menu_typo_font_weight":"","ocean_menu_typo_font_weight_tablet":"","ocean_menu_typo_font_weight_mobile":"","ocean_menu_typo_transform":"","ocean_menu_typo_transform_tablet":"","ocean_menu_typo_transform_mobile":"","ocean_menu_typo_line_height":0,"ocean_menu_typo_line_height_tablet":0,"ocean_menu_typo_line_height_mobile":0,"ocean_menu_typo_line_height_unit":"","ocean_menu_typo_spacing":0,"ocean_menu_typo_spacing_tablet":0,"ocean_menu_typo_spacing_mobile":0,"ocean_menu_typo_spacing_unit":"","ocean_menu_link_color":"","ocean_menu_link_color_hover":"","ocean_menu_link_color_active":"","ocean_menu_link_background":"","ocean_menu_link_hover_background":"","ocean_menu_link_active_background":"","ocean_menu_social_links_bg":"","ocean_menu_social_hover_links_bg":"","ocean_menu_social_links_color":"","ocean_menu_social_hover_links_color":"","ocean_disable_title":"default","ocean_disable_heading":"default","ocean_post_title":"","ocean_post_subheading":"","ocean_post_title_style":"","ocean_post_title_background_color":"","ocean_post_title_background":0,"ocean_post_title_bg_image_position":"","ocean_post_title_bg_image_attachment":"","ocean_post_title_bg_image_repeat":"","ocean_post_title_bg_image_size":"","ocean_post_title_height":0,"ocean_post_title_bg_overlay":0.5,"ocean_post_title_bg_overlay_color":"","ocean_disable_breadcrumbs":"default","ocean_breadcrumbs_color":"","ocean_breadcrumbs_separator_color":"","ocean_breadcrumbs_links_color":"","ocean_breadcrumbs_links_hover_color":"","ocean_display_footer_widgets":"default","ocean_display_footer_bottom":"default","ocean_custom_footer_template":"0","omw_enable_modal_window":"enable","_themeisle_gutenberg_block_has_review":false,"footnotes":""},"class_list":["post-2249","page","type-page","status-publish","hentry","entry"],"yoast_head":"<!-- This site is optimized with the Yoast SEO plugin v27.4 - https:\/\/yoast.com\/product\/yoast-seo-wordpress\/ -->\n<title>Seelenzahlen - irenelauretti.com<\/title>\n<meta name=\"robots\" content=\"index, follow, max-snippet:-1, max-image-preview:large, max-video-preview:-1\" \/>\n<link rel=\"canonical\" href=\"https:\/\/www.irenelauretti.com\/de\/seelenzahlen\/\" \/>\n<meta name=\"twitter:card\" content=\"summary_large_image\" \/>\n<meta name=\"twitter:title\" content=\"Seelenzahlen - irenelauretti.com\" \/>\n<meta name=\"twitter:description\" content=\"&#8222;Seelenzahlen&#8220; &#8211; Deine Zahlen entschl\u00fcsselt! 13 Jahre bevor ich das Buch SEELENZAHLEN empfing, traf ich im Regenwald von Trinidad die Erdfrau &#8211; eine Frau, die 7 Jahre fernab der Zivilasation lebte. W\u00e4hrend dieser Zeit empfing sie durch ihren &#8222;spirit&#8220; (Geist) die Weisheit \u00fcber die Zahlen der SEELE &#8211; und \u00fcbermittelte sie mir. 13 Jahre und [&hellip;]\" \/>\n<meta name=\"twitter:image\" content=\"https:\/\/www.irenelauretti.com\/wp-content\/uploads\/2018\/02\/Cover_Seelenzahlen_1.jpg\" \/>\n<meta name=\"twitter:label1\" content=\"Gesch\u00e4tzte Lesezeit\" \/>\n\t<meta name=\"twitter:data1\" content=\"2\u00a0Minuten\" \/>\n<script type=\"application\/ld+json\" class=\"yoast-schema-graph\">{\"@context\":\"https:\\\/\\\/schema.org\",\"@graph\":[{\"@type\":\"WebPage\",\"@id\":\"https:\\\/\\\/www.irenelauretti.com\\\/de\\\/seelenzahlen\\\/\",\"url\":\"https:\\\/\\\/www.irenelauretti.com\\\/de\\\/seelenzahlen\\\/\",\"name\":\"Seelenzahlen - irenelauretti.com\",\"isPartOf\":{\"@id\":\"https:\\\/\\\/www.irenelauretti.com\\\/de\\\/#website\"},\"primaryImageOfPage\":{\"@id\":\"https:\\\/\\\/www.irenelauretti.com\\\/de\\\/seelenzahlen\\\/#primaryimage\"},\"image\":{\"@id\":\"https:\\\/\\\/www.irenelauretti.com\\\/seelenzahlen\\\/#primaryimage\"},\"thumbnailUrl\":\"https:\\\/\\\/www.irenelauretti.com\\\/wp-content\\\/uploads\\\/2018\\\/02\\\/Cover_Seelenzahlen_1.jpg\",\"datePublished\":\"2017-09-16T18:36:09+00:00\",\"dateModified\":\"2026-01-03T21:22:17+00:00\",\"breadcrumb\":{\"@id\":\"https:\\\/\\\/www.irenelauretti.com\\\/de\\\/seelenzahlen\\\/#breadcrumb\"},\"inLanguage\":\"de\",\"potentialAction\":[{\"@type\":\"ReadAction\",\"target\":[[\"https:\\\/\\\/www.irenelauretti.com\\\/de\\\/seelenzahlen\\\/\"]]}]},{\"@type\":\"ImageObject\",\"inLanguage\":\"de\",\"@id\":\"https:\\\/\\\/www.irenelauretti.com\\\/de\\\/seelenzahlen\\\/#primaryimage\",\"url\":\"https:\\\/\\\/www.irenelauretti.com\\\/wp-content\\\/uploads\\\/2018\\\/02\\\/Cover_Seelenzahlen_1.jpg\",\"contentUrl\":\"https:\\\/\\\/www.irenelauretti.com\\\/wp-content\\\/uploads\\\/2018\\\/02\\\/Cover_Seelenzahlen_1.jpg\"},{\"@type\":\"BreadcrumbList\",\"@id\":\"https:\\\/\\\/www.irenelauretti.com\\\/de\\\/seelenzahlen\\\/#breadcrumb\",\"itemListElement\":[{\"@type\":\"ListItem\",\"position\":1,\"name\":\"Start\",\"item\":\"https:\\\/\\\/www.irenelauretti.com\\\/de\\\/\"},{\"@type\":\"ListItem\",\"position\":2,\"name\":\"Seelenzahlen\"}]},{\"@type\":\"WebSite\",\"@id\":\"https:\\\/\\\/www.irenelauretti.com\\\/de\\\/#website\",\"url\":\"https:\\\/\\\/www.irenelauretti.com\\\/de\\\/\",\"name\":\"irenelauretti.com\",\"description\":\"Autorin Mystikerin Heilerin Vision\u00e4rin\",\"publisher\":{\"@id\":\"https:\\\/\\\/www.irenelauretti.com\\\/de\\\/#organization\"},\"potentialAction\":[{\"@type\":\"SearchAction\",\"target\":{\"@type\":\"EntryPoint\",\"urlTemplate\":\"https:\\\/\\\/www.irenelauretti.com\\\/de\\\/?s={search_term_string}\"},\"query-input\":{\"@type\":\"PropertyValueSpecification\",\"valueRequired\":true,\"valueName\":\"search_term_string\"}}],\"inLanguage\":\"de\"},{\"@type\":\"Organization\",\"@id\":\"https:\\\/\\\/www.irenelauretti.com\\\/de\\\/#organization\",\"name\":\"irenelauretti.com\",\"url\":\"https:\\\/\\\/www.irenelauretti.com\\\/de\\\/\",\"logo\":{\"@type\":\"ImageObject\",\"inLanguage\":\"de\",\"@id\":\"https:\\\/\\\/www.irenelauretti.com\\\/de\\\/#\\\/schema\\\/logo\\\/image\\\/\",\"url\":\"https:\\\/\\\/www.irenelauretti.com\\\/wp-content\\\/uploads\\\/2013\\\/08\\\/Logo_with.png\",\"contentUrl\":\"https:\\\/\\\/www.irenelauretti.com\\\/wp-content\\\/uploads\\\/2013\\\/08\\\/Logo_with.png\",\"width\":180,\"height\":113,\"caption\":\"irenelauretti.com\"},\"image\":{\"@id\":\"https:\\\/\\\/www.irenelauretti.com\\\/de\\\/#\\\/schema\\\/logo\\\/image\\\/\"}}]}<\/script>\n<!-- \/ Yoast SEO plugin. -->","yoast_head_json":{"title":"Seelenzahlen - irenelauretti.com","robots":{"index":"index","follow":"follow","max-snippet":"max-snippet:-1","max-image-preview":"max-image-preview:large","max-video-preview":"max-video-preview:-1"},"canonical":"https:\/\/www.irenelauretti.com\/de\/seelenzahlen\/","twitter_card":"summary_large_image","twitter_title":"Seelenzahlen - irenelauretti.com","twitter_description":"&#8222;Seelenzahlen&#8220; &#8211; Deine Zahlen entschl\u00fcsselt! 13 Jahre bevor ich das Buch SEELENZAHLEN empfing, traf ich im Regenwald von Trinidad die Erdfrau &#8211; eine Frau, die 7 Jahre fernab der Zivilasation lebte. W\u00e4hrend dieser Zeit empfing sie durch ihren &#8222;spirit&#8220; (Geist) die Weisheit \u00fcber die Zahlen der SEELE &#8211; und \u00fcbermittelte sie mir. 13 Jahre und [&hellip;]","twitter_image":"https:\/\/www.irenelauretti.com\/wp-content\/uploads\/2018\/02\/Cover_Seelenzahlen_1.jpg","twitter_misc":{"Gesch\u00e4tzte Lesezeit":"2\u00a0Minuten"},"schema":{"@context":"https:\/\/schema.org","@graph":[{"@type":"WebPage","@id":"https:\/\/www.irenelauretti.com\/de\/seelenzahlen\/","url":"https:\/\/www.irenelauretti.com\/de\/seelenzahlen\/","name":"Seelenzahlen - irenelauretti.com","isPartOf":{"@id":"https:\/\/www.irenelauretti.com\/de\/#website"},"primaryImageOfPage":{"@id":"https:\/\/www.irenelauretti.com\/de\/seelenzahlen\/#primaryimage"},"image":{"@id":"https:\/\/www.irenelauretti.com\/seelenzahlen\/#primaryimage"},"thumbnailUrl":"https:\/\/www.irenelauretti.com\/wp-content\/uploads\/2018\/02\/Cover_Seelenzahlen_1.jpg","datePublished":"2017-09-16T18:36:09+00:00","dateModified":"2026-01-03T21:22:17+00:00","breadcrumb":{"@id":"https:\/\/www.irenelauretti.com\/de\/seelenzahlen\/#breadcrumb"},"inLanguage":"de","potentialAction":[{"@type":"ReadAction","target":[["https:\/\/www.irenelauretti.com\/de\/seelenzahlen\/"]]}]},{"@type":"ImageObject","inLanguage":"de","@id":"https:\/\/www.irenelauretti.com\/de\/seelenzahlen\/#primaryimage","url":"https:\/\/www.irenelauretti.com\/wp-content\/uploads\/2018\/02\/Cover_Seelenzahlen_1.jpg","contentUrl":"https:\/\/www.irenelauretti.com\/wp-content\/uploads\/2018\/02\/Cover_Seelenzahlen_1.jpg"},{"@type":"BreadcrumbList","@id":"https:\/\/www.irenelauretti.com\/de\/seelenzahlen\/#breadcrumb","itemListElement":[{"@type":"ListItem","position":1,"name":"Start","item":"https:\/\/www.irenelauretti.com\/de\/"},{"@type":"ListItem","position":2,"name":"Seelenzahlen"}]},{"@type":"WebSite","@id":"https:\/\/www.irenelauretti.com\/de\/#website","url":"https:\/\/www.irenelauretti.com\/de\/","name":"irenelauretti.com","description":"Autorin Mystikerin Heilerin Vision\u00e4rin","publisher":{"@id":"https:\/\/www.irenelauretti.com\/de\/#organization"},"potentialAction":[{"@type":"SearchAction","target":{"@type":"EntryPoint","urlTemplate":"https:\/\/www.irenelauretti.com\/de\/?s={search_term_string}"},"query-input":{"@type":"PropertyValueSpecification","valueRequired":true,"valueName":"search_term_string"}}],"inLanguage":"de"},{"@type":"Organization","@id":"https:\/\/www.irenelauretti.com\/de\/#organization","name":"irenelauretti.com","url":"https:\/\/www.irenelauretti.com\/de\/","logo":{"@type":"ImageObject","inLanguage":"de","@id":"https:\/\/www.irenelauretti.com\/de\/#\/schema\/logo\/image\/","url":"https:\/\/www.irenelauretti.com\/wp-content\/uploads\/2013\/08\/Logo_with.png","contentUrl":"https:\/\/www.irenelauretti.com\/wp-content\/uploads\/2013\/08\/Logo_with.png","width":180,"height":113,"caption":"irenelauretti.com"},"image":{"@id":"https:\/\/www.irenelauretti.com\/de\/#\/schema\/logo\/image\/"}}]}},"_links":{"self":[{"href":"https:\/\/www.irenelauretti.com\/de\/wp-json\/wp\/v2\/pages\/2249","targetHints":{"allow":["GET"]}}],"collection":[{"href":"https:\/\/www.irenelauretti.com\/de\/wp-json\/wp\/v2\/pages"}],"about":[{"href":"https:\/\/www.irenelauretti.com\/de\/wp-json\/wp\/v2\/types\/page"}],"author":[{"embeddable":true,"href":"https:\/\/www.irenelauretti.com\/de\/wp-json\/wp\/v2\/users\/2"}],"replies":[{"embeddable":true,"href":"https:\/\/www.irenelauretti.com\/de\/wp-json\/wp\/v2\/comments?post=2249"}],"version-history":[{"count":81,"href":"https:\/\/www.irenelauretti.com\/de\/wp-json\/wp\/v2\/pages\/2249\/revisions"}],"predecessor-version":[{"id":6539,"href":"https:\/\/www.irenelauretti.com\/de\/wp-json\/wp\/v2\/pages\/2249\/revisions\/6539"}],"wp:attachment":[{"href":"https:\/\/www.irenelauretti.com\/de\/wp-json\/wp\/v2\/media?parent=2249"}],"curies":[{"name":"wp","href":"https:\/\/api.w.org\/{rel}","templated":true}]}}