{"id":39,"date":"2013-08-13T15:20:00","date_gmt":"2013-08-13T15:20:00","guid":{"rendered":"http:\/\/www.irenelauretti.com\/?page_id=39"},"modified":"2026-04-10T14:01:09","modified_gmt":"2026-04-10T12:01:09","slug":"about","status":"publish","type":"page","link":"https:\/\/www.irenelauretti.com\/de\/about\/","title":{"rendered":"\u00dcBER MICH"},"content":{"rendered":"<p><img fetchpriority=\"high\" decoding=\"async\" src=\"http:\/\/www.irenelauretti.com\/wp-content\/uploads\/2023\/04\/Irene1-225x300.jpg\" alt=\"Irene\" width=\"225\" height=\"300\" \/><\/p>\n<p>Ich hei\u00dfe Dich willkommen!<\/p>\n<p>Mein Name ist Irene &#8211; die Frieden- und LICHTbringende! &#8211;<\/p>\n<p>Ich bin Mystikerin,\u00a0Autorin, Vision\u00e4rin und Heilerin!<br \/>\nAn der Schwelle zum Jahr 2012 erlebte ich eine tiefgreifende Nahtodeserfahrung. Ich wurde &#8211; nach eingehendem Suchen nach dem Schl\u00fcssel zu vollkommener Gesundheit &#8211; eines Nachts &#8211; &#8222;aus dem K\u00f6rper gezogen&#8220; und kam vor das Himmelstor &#8211; wo mir an mein rechtes Handgelenk &#8222;Ballons an Schn\u00fcren&#8220; befestigt wurden, die mich wieder zur\u00fcckzogen in meinen K\u00f6rper &#8230;<\/p>\n<p>Es waren meine zu realisierenden Buchprojekte &#8211; es war der kosmische Code der Sch\u00f6pfung, der dann &#8211; 3 Tage sp\u00e4ter &#8211; begonnen wurde successive durch mich kanalisiert zu werden als mein Buch<\/p>\n<p><b><a href=\"http:\/\/www.irenelauretti.com\/books\/der-mond-und-der-kosmische-code-der-schoepfung\/\">&#8222;Der Mond und der kosmische Code der Sch\u00f6pfung &#8211; Manifestiere die WAHRHEIT!&#8220;<\/a> <\/b><\/p>\n<p>Am Himmelstor war mir die gro\u00dfe Aufgabe \u00fcberreicht worden, der Menschheit den Sch\u00f6pfungscode zu \u00fcbermitteln &#8211; durch meine B\u00fccher, meine Worte &#8211; meine Taten.<\/p>\n<p>Seit diesem Moment widme ich mein Leben voll und ganz dieser Aufgabe.<\/p>\n<p>In meinem letzten Werk<\/p>\n<p><a href=\"http:\/\/www.irenelauretti.com\/die-grosse-umkehr-zum-licht-mensch\/\"><b>&#8222;Die gro\u00dfe Umkehr zum LICHT-Mensch&#8220;<\/b><\/a><\/p>\n<p>gehe ich auf das Nahtodeserlebnis und meinen Werdegang auch ein &#8211; dieses Buch empfing ich genau 10 Jahre nach dem Sch\u00f6pfungscode ebenfalls durch Christus selbst.<\/p>\n<p>Dazwischen entstanden mein zum Sch\u00f6pfungscode &#8211; dem Mondstr\u00f6men\u00ae! &#8211; geh\u00f6render und j\u00e4hrlich erscheinender Mond-Taschenkalender<br \/>\n<b>\u00a0<\/b><br \/>\n<b><a href=\"http:\/\/www.irenelauretti.com\/books\/media\/\">&#8222;Der WAHRE Mondkalender &#8211; Gesundheit in Deiner Hand&#8220;<\/a> <\/b><\/p>\n<p>sowie meine B\u00fccher<\/p>\n<p><a href=\"http:\/\/www.irenelauretti.com\/mit-der-kraft-deiner-hande\/\"><b>&#8222;Mit der Kraft Deiner H\u00e4nde&#8220;<\/b><\/a> (ich hatte es urspr\u00fcnglich und bereits im Jahre 2007 auf Englisch unter dem Titel &#8222;Wellness above the Clouds&#8220; verlegt)<\/p>\n<p><a href=\"http:\/\/www.irenelauretti.com\/26-energieschlosser-german\/\"><b>&#8222;Deine 26 Energieschl\u00f6sser entschl\u00fcsselt durch die Gro\u00dfen Arkana des Tarot&#8220;<\/b><\/a><\/p>\n<p><b><a href=\"http:\/\/www.irenelauretti.com\/seelenzahlen\/\">&#8222;Seelenzahlen&#8220;<\/a> <\/b><\/p>\n<p>und<\/p>\n<p><a href=\"http:\/\/www.irenelauretti.com\/books\/liebe\/\"><b>&#8222;Liebe&#8220;<\/b> !<\/a><\/p>\n<p>7 B\u00fccher sind aktuell auf dem deutschsprachigen Buchmarkt.<\/p>\n<p>Auf Englisch gibt es &#8211; neben dem B\u00fcchlein &#8222;Wellness above the Clouds&#8220; mein Buch<\/p>\n<p><a href=\"http:\/\/www.irenelauretti.com\/feeling-great-moon\/\"><b>&#8222;Feeling Great with the Moon&#8220;<\/b><\/a><br \/>\nEs ist eine gek\u00fcrzte und vereinfachte Version des gro\u00dfen Sch\u00f6pfungscodes!<\/p>\n<p><img decoding=\"async\" src=\"https:\/\/www.irenelauretti.com\/wp-content\/uploads\/2023\/08\/Rosenkleid2.jpg\" alt=\"\" width=\"1024\" height=\"768\" \/><\/p>\n<p>In meinem youtube-Kanal<\/p>\n<p><b><a href=\"https:\/\/www.youtube.com\/@Irene_Lauretti\">&#8222;Irene Lauretti &#8211; Empowering People&#8220;<\/a> <\/b><\/p>\n<p>findest Du hunderte von hochinformativen Sendungen von und mit mir &#8211; immer geht es in der Basis um den Sch\u00f6pfungscode &#8211; und wie DU durch dieses Wissen zu vollkommener GESUNDHEIT und ERLEUCHTUNG kommen wirst &#8211; wenn Du dies WILLST und t\u00e4glich die einstimmenden Impulse setzt, wie ich es Dir vorgebe!<\/p>\n<p><b>LEBEN ist SCHWINGUNG<\/b> und ich zeige den Menschen auf leicht verst\u00e4ndliche<br \/>\nArt und Weise wie sie diese Schwingungen bewu\u00dft erKENNEN und nutzen!<\/p>\n<p>Alles was Du f\u00fcr vollkommene und strahlende Gesundheit, Gl\u00fcck und<br \/>\nSch\u00f6nheit ben\u00f6tigst, BIST Du bereits und kannst Du nutzen, vorausgesetzt,<br \/>\nDu wei\u00dft wie, und vor allem, ob Du wahrhaft zu dem Menschen werden<br \/>\nwillst, der Du geboren bist zu SEIN!<\/p>\n<p>Mein Ziel ist es, Dir dabei zu helfen, \u00c4ngste zu meistern und Dein<br \/>\nunendliches Heilungspotential und Deine sch\u00f6pferische Kraft zu<br \/>\nentfalten.<\/p>\n<p>Dein grenzenloses Potential, welches Du SELBST BIST und dessen Du<br \/>\nDir jedoch bislang nicht bewusst warst und vor dem Du Dich vielleicht<br \/>\nsogar unbewu\u00dft f\u00fcrchtest.<\/p>\n<p>Meine B\u00fccher und NEU auch meine App zeigen Dir wie Du Deinen K\u00f6rper als<br \/>\nInstrument Deiner Seele nutzen kannst, um ein bewu\u00dftes Leben aus dem<br \/>\nLICHT, ein in und aus dem LICHT erf\u00fclltes LEBEN in strahlender<br \/>\nGesundheit, Sch\u00f6nheit und Gl\u00fcck zu schaffen!<\/p>\n<p>In Facebook leite ich die beliebte Gruppe<\/p>\n<p><strong><a href=\"https:\/\/www.facebook.com\/groups\/1910737989239696\/\" target=\"_blank\" rel=\"noopener\">Mondstr\u00f6men\u00ae, der Sch\u00f6pfungscode und Seelenzahlen mit IRENE LAURETTI<\/a> <\/strong><br \/>\n&#8230;<br \/>\nkomm gerne dazu!<\/p>\n<p>Alles, was Du brauchst, um Dein Leben in diesem Sinne zu transformieren,<br \/>\nist Deine Bereitschaft, Dich Deiner Dir innewohnenden Kraft, Deinem<br \/>\nLicht, zu \u00f6ffnen und die<\/p>\n<h3 dir=\"ltr\"><strong>GROSSE UMKEHR ZUM LICHT-MENSCH JETZT &#8211; zu vollziehen!<\/strong><\/h3>\n<p>ICH FREUE MICH AUF DICH!!<br \/>\n<img decoding=\"async\" src=\"http:\/\/www.irenelauretti.com\/wp-content\/uploads\/2013\/08\/Logo_with.png\" alt=\"Irene Lauretti\" width=\"180\" height=\"113\" \/><\/p>","protected":false},"excerpt":{"rendered":"<p>Ich hei\u00dfe Dich willkommen! Mein Name ist Irene &#8211; die Frieden- und LICHTbringende! &#8211; Ich bin Mystikerin,\u00a0Autorin, Vision\u00e4rin und Heilerin! An der Schwelle zum Jahr 2012 erlebte ich eine tiefgreifende Nahtodeserfahrung. Ich wurde &#8211; nach eingehendem Suchen nach dem Schl\u00fcssel zu vollkommener Gesundheit &#8211; eines Nachts &#8211; &#8222;aus dem K\u00f6rper gezogen&#8220; und kam vor das [&hellip;]<\/p>\n","protected":false},"author":3,"featured_media":0,"parent":0,"menu_order":0,"comment_status":"closed","ping_status":"closed","template":"","meta":{"_coblocks_attr":"","_coblocks_dimensions":"","_coblocks_responsive_height":"","_coblocks_accordion_ie_support":"","ocean_post_layout":"","ocean_both_sidebars_style":"","ocean_both_sidebars_content_width":0,"ocean_both_sidebars_sidebars_width":0,"ocean_sidebar":"0","ocean_second_sidebar":"0","ocean_disable_margins":"enable","ocean_add_body_class":"","ocean_shortcode_before_top_bar":"","ocean_shortcode_after_top_bar":"","ocean_shortcode_before_header":"","ocean_shortcode_after_header":"","ocean_has_shortcode":"","ocean_shortcode_after_title":"","ocean_shortcode_before_footer_widgets":"","ocean_shortcode_after_footer_widgets":"","ocean_shortcode_before_footer_bottom":"","ocean_shortcode_after_footer_bottom":"","ocean_display_top_bar":"default","ocean_display_header":"default","ocean_header_style":"","ocean_center_header_left_menu":"0","ocean_custom_header_template":"0","ocean_custom_logo":0,"ocean_custom_retina_logo":0,"ocean_custom_logo_max_width":0,"ocean_custom_logo_tablet_max_width":0,"ocean_custom_logo_mobile_max_width":0,"ocean_custom_logo_max_height":0,"ocean_custom_logo_tablet_max_height":0,"ocean_custom_logo_mobile_max_height":0,"ocean_header_custom_menu":"0","ocean_menu_typo_font_family":"0","ocean_menu_typo_font_subset":"","ocean_menu_typo_font_size":0,"ocean_menu_typo_font_size_tablet":0,"ocean_menu_typo_font_size_mobile":0,"ocean_menu_typo_font_size_unit":"px","ocean_menu_typo_font_weight":"","ocean_menu_typo_font_weight_tablet":"","ocean_menu_typo_font_weight_mobile":"","ocean_menu_typo_transform":"","ocean_menu_typo_transform_tablet":"","ocean_menu_typo_transform_mobile":"","ocean_menu_typo_line_height":0,"ocean_menu_typo_line_height_tablet":0,"ocean_menu_typo_line_height_mobile":0,"ocean_menu_typo_line_height_unit":"","ocean_menu_typo_spacing":0,"ocean_menu_typo_spacing_tablet":0,"ocean_menu_typo_spacing_mobile":0,"ocean_menu_typo_spacing_unit":"","ocean_menu_link_color":"","ocean_menu_link_color_hover":"","ocean_menu_link_color_active":"","ocean_menu_link_background":"","ocean_menu_link_hover_background":"","ocean_menu_link_active_background":"","ocean_menu_social_links_bg":"","ocean_menu_social_hover_links_bg":"","ocean_menu_social_links_color":"","ocean_menu_social_hover_links_color":"","ocean_disable_title":"default","ocean_disable_heading":"default","ocean_post_title":"","ocean_post_subheading":"","ocean_post_title_style":"","ocean_post_title_background_color":"","ocean_post_title_background":0,"ocean_post_title_bg_image_position":"","ocean_post_title_bg_image_attachment":"","ocean_post_title_bg_image_repeat":"","ocean_post_title_bg_image_size":"","ocean_post_title_height":0,"ocean_post_title_bg_overlay":0.5,"ocean_post_title_bg_overlay_color":"","ocean_disable_breadcrumbs":"default","ocean_breadcrumbs_color":"","ocean_breadcrumbs_separator_color":"","ocean_breadcrumbs_links_color":"","ocean_breadcrumbs_links_hover_color":"","ocean_display_footer_widgets":"default","ocean_display_footer_bottom":"default","ocean_custom_footer_template":"0","omw_enable_modal_window":"enable","_themeisle_gutenberg_block_has_review":false,"footnotes":""},"class_list":["post-39","page","type-page","status-publish","hentry","entry"],"yoast_head":"<!-- This site is optimized with the Yoast SEO plugin v27.4 - https:\/\/yoast.com\/product\/yoast-seo-wordpress\/ -->\n<title>About | Irene Lauretti<\/title>\n<meta name=\"description\" content=\"Find out more about Irene Lauretti, and the types of Tarot and Energy Healing that she offers. Jin Shin Jyutsu, Energy Healing, Tarot Via Skype, In Person.\" \/>\n<meta name=\"robots\" content=\"index, follow, max-snippet:-1, max-image-preview:large, max-video-preview:-1\" \/>\n<link rel=\"canonical\" href=\"https:\/\/www.irenelauretti.com\/de\/about\/\" \/>\n<meta name=\"twitter:card\" content=\"summary_large_image\" \/>\n<meta name=\"twitter:title\" content=\"About | Irene Lauretti\" \/>\n<meta name=\"twitter:description\" content=\"Find out more about Irene Lauretti, and the types of Tarot and Energy Healing that she offers. Jin Shin Jyutsu, Energy Healing, Tarot Via Skype, In Person.\" \/>\n<meta name=\"twitter:image\" content=\"http:\/\/www.irenelauretti.com\/wp-content\/uploads\/2023\/04\/Irene1-225x300.jpg\" \/>\n<meta name=\"twitter:label1\" content=\"Gesch\u00e4tzte Lesezeit\" \/>\n\t<meta name=\"twitter:data1\" content=\"4\u00a0Minuten\" \/>\n<script type=\"application\/ld+json\" class=\"yoast-schema-graph\">{\"@context\":\"https:\\\/\\\/schema.org\",\"@graph\":[{\"@type\":\"WebPage\",\"@id\":\"https:\\\/\\\/www.irenelauretti.com\\\/de\\\/about\\\/\",\"url\":\"https:\\\/\\\/www.irenelauretti.com\\\/de\\\/about\\\/\",\"name\":\"About | Irene Lauretti\",\"isPartOf\":{\"@id\":\"https:\\\/\\\/www.irenelauretti.com\\\/de\\\/#website\"},\"primaryImageOfPage\":{\"@id\":\"https:\\\/\\\/www.irenelauretti.com\\\/de\\\/about\\\/#primaryimage\"},\"image\":{\"@id\":\"https:\\\/\\\/www.irenelauretti.com\\\/about\\\/#primaryimage\"},\"thumbnailUrl\":\"http:\\\/\\\/www.irenelauretti.com\\\/wp-content\\\/uploads\\\/2023\\\/04\\\/Irene1-225x300.jpg\",\"datePublished\":\"2013-08-13T15:20:00+00:00\",\"dateModified\":\"2026-04-10T12:01:09+00:00\",\"description\":\"Find out more about Irene Lauretti, and the types of Tarot and Energy Healing that she offers. Jin Shin Jyutsu, Energy Healing, Tarot Via Skype, In Person.\",\"breadcrumb\":{\"@id\":\"https:\\\/\\\/www.irenelauretti.com\\\/de\\\/about\\\/#breadcrumb\"},\"inLanguage\":\"de\",\"potentialAction\":[{\"@type\":\"ReadAction\",\"target\":[[\"https:\\\/\\\/www.irenelauretti.com\\\/de\\\/about\\\/\"]]}]},{\"@type\":\"ImageObject\",\"inLanguage\":\"de\",\"@id\":\"https:\\\/\\\/www.irenelauretti.com\\\/de\\\/about\\\/#primaryimage\",\"url\":\"http:\\\/\\\/www.irenelauretti.com\\\/wp-content\\\/uploads\\\/2023\\\/04\\\/Irene1-225x300.jpg\",\"contentUrl\":\"http:\\\/\\\/www.irenelauretti.com\\\/wp-content\\\/uploads\\\/2023\\\/04\\\/Irene1-225x300.jpg\"},{\"@type\":\"BreadcrumbList\",\"@id\":\"https:\\\/\\\/www.irenelauretti.com\\\/de\\\/about\\\/#breadcrumb\",\"itemListElement\":[{\"@type\":\"ListItem\",\"position\":1,\"name\":\"Start\",\"item\":\"https:\\\/\\\/www.irenelauretti.com\\\/de\\\/\"},{\"@type\":\"ListItem\",\"position\":2,\"name\":\"\u00dcBER MICH\"}]},{\"@type\":\"WebSite\",\"@id\":\"https:\\\/\\\/www.irenelauretti.com\\\/de\\\/#website\",\"url\":\"https:\\\/\\\/www.irenelauretti.com\\\/de\\\/\",\"name\":\"irenelauretti.com\",\"description\":\"Autorin Mystikerin Heilerin Vision\u00e4rin\",\"publisher\":{\"@id\":\"https:\\\/\\\/www.irenelauretti.com\\\/de\\\/#organization\"},\"potentialAction\":[{\"@type\":\"SearchAction\",\"target\":{\"@type\":\"EntryPoint\",\"urlTemplate\":\"https:\\\/\\\/www.irenelauretti.com\\\/de\\\/?s={search_term_string}\"},\"query-input\":{\"@type\":\"PropertyValueSpecification\",\"valueRequired\":true,\"valueName\":\"search_term_string\"}}],\"inLanguage\":\"de\"},{\"@type\":\"Organization\",\"@id\":\"https:\\\/\\\/www.irenelauretti.com\\\/de\\\/#organization\",\"name\":\"irenelauretti.com\",\"url\":\"https:\\\/\\\/www.irenelauretti.com\\\/de\\\/\",\"logo\":{\"@type\":\"ImageObject\",\"inLanguage\":\"de\",\"@id\":\"https:\\\/\\\/www.irenelauretti.com\\\/de\\\/#\\\/schema\\\/logo\\\/image\\\/\",\"url\":\"https:\\\/\\\/www.irenelauretti.com\\\/wp-content\\\/uploads\\\/2013\\\/08\\\/Logo_with.png\",\"contentUrl\":\"https:\\\/\\\/www.irenelauretti.com\\\/wp-content\\\/uploads\\\/2013\\\/08\\\/Logo_with.png\",\"width\":180,\"height\":113,\"caption\":\"irenelauretti.com\"},\"image\":{\"@id\":\"https:\\\/\\\/www.irenelauretti.com\\\/de\\\/#\\\/schema\\\/logo\\\/image\\\/\"}}]}<\/script>\n<!-- \/ Yoast SEO plugin. -->","yoast_head_json":{"title":"About | Irene Lauretti","description":"Find out more about Irene Lauretti, and the types of Tarot and Energy Healing that she offers. Jin Shin Jyutsu, Energy Healing, Tarot Via Skype, In Person.","robots":{"index":"index","follow":"follow","max-snippet":"max-snippet:-1","max-image-preview":"max-image-preview:large","max-video-preview":"max-video-preview:-1"},"canonical":"https:\/\/www.irenelauretti.com\/de\/about\/","twitter_card":"summary_large_image","twitter_title":"About | Irene Lauretti","twitter_description":"Find out more about Irene Lauretti, and the types of Tarot and Energy Healing that she offers. Jin Shin Jyutsu, Energy Healing, Tarot Via Skype, In Person.","twitter_image":"http:\/\/www.irenelauretti.com\/wp-content\/uploads\/2023\/04\/Irene1-225x300.jpg","twitter_misc":{"Gesch\u00e4tzte Lesezeit":"4\u00a0Minuten"},"schema":{"@context":"https:\/\/schema.org","@graph":[{"@type":"WebPage","@id":"https:\/\/www.irenelauretti.com\/de\/about\/","url":"https:\/\/www.irenelauretti.com\/de\/about\/","name":"About | Irene Lauretti","isPartOf":{"@id":"https:\/\/www.irenelauretti.com\/de\/#website"},"primaryImageOfPage":{"@id":"https:\/\/www.irenelauretti.com\/de\/about\/#primaryimage"},"image":{"@id":"https:\/\/www.irenelauretti.com\/about\/#primaryimage"},"thumbnailUrl":"http:\/\/www.irenelauretti.com\/wp-content\/uploads\/2023\/04\/Irene1-225x300.jpg","datePublished":"2013-08-13T15:20:00+00:00","dateModified":"2026-04-10T12:01:09+00:00","description":"Find out more about Irene Lauretti, and the types of Tarot and Energy Healing that she offers. Jin Shin Jyutsu, Energy Healing, Tarot Via Skype, In Person.","breadcrumb":{"@id":"https:\/\/www.irenelauretti.com\/de\/about\/#breadcrumb"},"inLanguage":"de","potentialAction":[{"@type":"ReadAction","target":[["https:\/\/www.irenelauretti.com\/de\/about\/"]]}]},{"@type":"ImageObject","inLanguage":"de","@id":"https:\/\/www.irenelauretti.com\/de\/about\/#primaryimage","url":"http:\/\/www.irenelauretti.com\/wp-content\/uploads\/2023\/04\/Irene1-225x300.jpg","contentUrl":"http:\/\/www.irenelauretti.com\/wp-content\/uploads\/2023\/04\/Irene1-225x300.jpg"},{"@type":"BreadcrumbList","@id":"https:\/\/www.irenelauretti.com\/de\/about\/#breadcrumb","itemListElement":[{"@type":"ListItem","position":1,"name":"Start","item":"https:\/\/www.irenelauretti.com\/de\/"},{"@type":"ListItem","position":2,"name":"\u00dcBER MICH"}]},{"@type":"WebSite","@id":"https:\/\/www.irenelauretti.com\/de\/#website","url":"https:\/\/www.irenelauretti.com\/de\/","name":"irenelauretti.com","description":"Autorin Mystikerin Heilerin Vision\u00e4rin","publisher":{"@id":"https:\/\/www.irenelauretti.com\/de\/#organization"},"potentialAction":[{"@type":"SearchAction","target":{"@type":"EntryPoint","urlTemplate":"https:\/\/www.irenelauretti.com\/de\/?s={search_term_string}"},"query-input":{"@type":"PropertyValueSpecification","valueRequired":true,"valueName":"search_term_string"}}],"inLanguage":"de"},{"@type":"Organization","@id":"https:\/\/www.irenelauretti.com\/de\/#organization","name":"irenelauretti.com","url":"https:\/\/www.irenelauretti.com\/de\/","logo":{"@type":"ImageObject","inLanguage":"de","@id":"https:\/\/www.irenelauretti.com\/de\/#\/schema\/logo\/image\/","url":"https:\/\/www.irenelauretti.com\/wp-content\/uploads\/2013\/08\/Logo_with.png","contentUrl":"https:\/\/www.irenelauretti.com\/wp-content\/uploads\/2013\/08\/Logo_with.png","width":180,"height":113,"caption":"irenelauretti.com"},"image":{"@id":"https:\/\/www.irenelauretti.com\/de\/#\/schema\/logo\/image\/"}}]}},"_links":{"self":[{"href":"https:\/\/www.irenelauretti.com\/de\/wp-json\/wp\/v2\/pages\/39","targetHints":{"allow":["GET"]}}],"collection":[{"href":"https:\/\/www.irenelauretti.com\/de\/wp-json\/wp\/v2\/pages"}],"about":[{"href":"https:\/\/www.irenelauretti.com\/de\/wp-json\/wp\/v2\/types\/page"}],"author":[{"embeddable":true,"href":"https:\/\/www.irenelauretti.com\/de\/wp-json\/wp\/v2\/users\/3"}],"replies":[{"embeddable":true,"href":"https:\/\/www.irenelauretti.com\/de\/wp-json\/wp\/v2\/comments?post=39"}],"version-history":[{"count":96,"href":"https:\/\/www.irenelauretti.com\/de\/wp-json\/wp\/v2\/pages\/39\/revisions"}],"predecessor-version":[{"id":6737,"href":"https:\/\/www.irenelauretti.com\/de\/wp-json\/wp\/v2\/pages\/39\/revisions\/6737"}],"wp:attachment":[{"href":"https:\/\/www.irenelauretti.com\/de\/wp-json\/wp\/v2\/media?parent=39"}],"curies":[{"name":"wp","href":"https:\/\/api.w.org\/{rel}","templated":true}]}}