{"id":609,"date":"2013-09-12T11:42:13","date_gmt":"2013-09-12T11:42:13","guid":{"rendered":"http:\/\/www.irenelauretti.com\/?page_id=609"},"modified":"2024-02-11T18:33:53","modified_gmt":"2024-02-11T17:33:53","slug":"wellness-above-the-clouds-2","status":"publish","type":"page","link":"https:\/\/www.irenelauretti.com\/de\/books\/wellness-above-the-clouds-2\/","title":{"rendered":"Wellness above the Clouds (englisch)"},"content":{"rendered":"<p><\/p>\n<div class=\"dt-twothirds\">\n<h2 style=\"text-align: center;\"><\/h2>\n<h2 style=\"text-align: center;\">Wellness Above The Clouds<\/h2>\n<p>Dieses vollfarbige und wundersch\u00f6ne Selbsthilfe-Buch basiert auf der jahrtausendealten Heilkunst Jin Shin Jyutsu, und ist in mehrfacher Hinsicht au\u00dfergew\u00f6hnlich:<\/p>\n<p>\u2022Es ist der einzige Wellnessratgeber f\u00fcr Flugpassagiere, welcher dem Anwender erm\u00f6glicht sich in k\u00fcrzester Zeit zu regenerieren, ohne sich dabei bewegen zu m\u00fcssen.<\/p>\n<p>\u2022Wellness above the Clouds erm\u00f6glicht Ihnen die Kunst des Jin Shin Jyutsu sofort und ohne jegliche Vorkenntnisse anzuwenden und ist daher ideal f\u00fcr all diejenigen, die die Wirkung der Selbsthilfegriffe sp\u00fcren m\u00f6chten, ohne sich vorher daf\u00fcr lange einlesen zu m\u00fcssen.<\/p>\n<p>Die Idee zu diesem Buch kam mir auf einem 18st\u00fcndigen R\u00fcckflug nach Europa. Wie immer, wenn ich auf Reisen bin, wandte ich auch hier w\u00e4hrend der gesamten Reisezeit meine Selbsthilfegriffe an und freute mich \u00fcber die \u201eWohlf\u00fchlzeit\u201c, die ich mir so g\u00f6nnen konnte.<\/p>\n<p>Es war am\u00fcsant zu sehen, wie die anderen Passagiere mit der Zeit immer m\u00fcder und schlapper wurden, w\u00e4hrend ich mich durch das einfache Anwenden der Fingergriffe und Mudras zusehends regenerierte, und mich sozusagen Stunde um Stunde besser und energiegeladener f\u00fchlte.<\/p>\n<p>Es war hier, hoch \u00fcber den Wolken, dass ich den Entschluss fasste, diese kostbare Heilweisheit allen Reisenden durch dieses B\u00fcchlein zur Verf\u00fcgung zu stellen, so dass auch Sie nie mehr unter Jet leg oder sonstigen Befindlichkeitsst\u00f6rungen w\u00e4hrend Ihre Reisen zu leiden haben.<\/p>\n<p>Selbstverst\u00e4ndlich m\u00fcssen Sie sich nicht auf eine Reise begeben, um in den Genuss der Wirkung dieser kinderleicht auszuf\u00fchrenden Fitnessgriffe zu kommen. Wellness above the Clouds ist der ideale praktische Ratgeber f\u00fcr all diejenigen, die ihre Energiereserven schnell aufladen m\u00f6chten und in k\u00fcrzester Zeit wieder frisch und ausgeruht aussehen m\u00f6chten.\u2028Um die \u00dcbungen auszuf\u00fchren sind keinerlei Vorkenntnisse erforderlich, so dass jedermann(frau) und auch Kinder von dieser Weisheit profitieren k\u00f6nnen!<\/p>\n<p>Wellness above the Clouds&#8220; ist als Buchform im englischen Buchhandel sowie international \u00fcber die jeweiligen Amazon-L\u00e4nderseiten bestellbar.<br \/>\nDie Kindle-Version ist \u00fcber Amazon international erh\u00e4ltlich.<\/p>\n<p>Die Verlinkungen dazu befinden sich in der rechten Spalte.<\/p>\n<\/div>\n<div class=\"dt-onethird dt-onethirdlast\">\n<h2 style=\"text-align: center;\"><img fetchpriority=\"high\" decoding=\"async\" class=\"alignright size-full wp-image-436\" src=\"http:\/\/www.irenelauretti.com\/wp-content\/uploads\/2013\/08\/WATCfrontpage11.jpg\" alt=\"WATCfrontpage\" width=\"338\" height=\"450\" \/><\/h2>\n<h2 style=\"text-align: center;\"><img decoding=\"async\" class=\"alignright size-full wp-image-436\" src=\"http:\/\/www.irenelauretti.com\/wp-content\/uploads\/2013\/09\/WATCrearpage.jpg\" alt=\"WATCfrontpage\" width=\"337\" height=\"450\" \/><\/h2>\n<p>Printed book versions:<\/p>\n<p><a href=\"https:\/\/amzn.to\/2R78ofT\" target=\"_blank\" rel=\"noopener\">AMAZON UK<\/a><\/p>\n<p><a title=\"Amazon DE\" href=\"https:\/\/www.amazon.de\/gp\/product\/B00BP5IMIQ\/ref=as_li_tl?ie=UTF8&amp;camp=1638&amp;creative=6742&amp;creativeASIN=B00BP5IMIQ&amp;linkCode=as2&amp;tag=wwwirenelaure-21&amp;linkId=3e7d3be765f0511c684145c5016cd99c\">AMAZON DE<\/a><\/p>\n<p><a href=\"https:\/\/amzn.to\/2U6Cxxo\" target=\"_blank\" rel=\"noopener\">AMAZON US<\/a><\/p>\n<p><a href=\"https:\/\/amzn.to\/2Tb4Smw\" target=\"_blank\" rel=\"noopener\">KINDLE VERSION<\/a><\/p>\n<h4 style=\"text-align: center;\">Lesermeinungen zu &#8222;Wellness above the Clouds&#8220;<\/h4>\n<div class=\"testimonials-widget-testimonials testimonials-widget-testimonials100000\">\n<div class=\"testimonials-widget-testimonial post-1015 testimonials-widget type-testimonials-widget status-publish hentry category-book-wellness entry\" style=\"\">\n<!-- testimonials-widget-testimonials:1015: -->\n\t\t<blockquote><span class=\"list-title\">Sammy - Wellness Above The Clouds<\/span><br\/><span class=\"open-quote\"><\/span>I&#8217;ve found this book to be highly effective and fits in well with my busy lifestyle,\u2028it helped me almost immediately when I&#8217;d been suffering from toothache.\u2028It was so easy-to-follow, with clear pictures, showing numerous techniques that anyone can do,\u2028even if you don&#8217;t have any prior understanding of healing.\u2028Although it was aimed for people sat on airplanes, I&#8217;m always dipping into it and often do little bits of healing on myself whilst watching the telly.\u2028It&#8217;s definitely a book I would share with friends and family.<span class=\"close-quote\"><\/span><\/blockquote>\n\t\t\t<div class=\"credit\"><span class=\"author\">Sammy - Wellness Above The Clouds<\/span><span class=\"join-title\"><\/span><span class=\"job-title\"> <\/span><\/div>\n\t<\/div>\n<div class=\"testimonials-widget-testimonial post-1013 testimonials-widget type-testimonials-widget status-publish hentry category-book-wellness entry\" style=\"display: none;\">\n<!-- testimonials-widget-testimonials:1013: -->\n\t\t<blockquote><span class=\"list-title\">Roy - Wellness Above The Clouds<\/span><br\/><span class=\"open-quote\"><\/span>Hello Irene,\u00a0 Thank you for your wonderful book, &#8222;Wellness Above the Clouds&#8220;.\u00a0 It was so pleasant to read and the color pictures really helped. \u2028Your book is perfect simplicity. I can&#8217;t express in words how much I appreciate your writing it.\u00a0 I got the ebook on Amazon.com.\u2028\u00a0 I recently came home from an 8700 miles airplane(s) trip from The Philippines.\u00a0 It took 39 hours.\u00a0 Oh, what a benefit your book would have been had I known about it. Now I do.\u00a0God Bless you and all the Best to You.\u2028Roy<span class=\"close-quote\"><\/span><\/blockquote>\n\t\t\t<div class=\"credit\"><span class=\"author\">Roy - Wellness Above The Clouds<\/span><\/div>\n\t<\/div>\n<div class=\"testimonials-widget-testimonial post-1017 testimonials-widget type-testimonials-widget status-publish hentry category-book-wellness entry\" style=\"display: none;\">\n<!-- testimonials-widget-testimonials:1017: -->\n\t\t<blockquote><span class=\"list-title\">Sue C - Wellness Above The Clouds<\/span><br\/><span class=\"open-quote\"><\/span>This review is from: Wellness Above the Clouds: The unique guide to complete harmony of Body, Mind and Spirit (Paperback) \r\nThis book does not require you to know anything about Jin Shin Jyutsu or any other alternative healing techniques. It is simply a very easy to follow book full of straightforward exercies that you can use to aid relaxation on a plane (which is its main purpose) but it is so much more than that. You can basically do these exercises anywhere and so many of them would be great to do at your desk in the office if you are feeling stressed or unwell. The exercises cover a wide range of problems such as headaches, toothache, chest pains, stomach ache, poor circulation, as well as for destressing. The pictures make them very easy to follow so you know when you are doing them correctly. It is a great little book that you can carry around in your bag and then dig it out when you are stuck on a long train journey. Highly recommended!<span class=\"close-quote\"><\/span><\/blockquote>\n\t\t\t<div class=\"credit\"><span class=\"author\">Sue C - Wellness Above The Clouds<\/span><\/div>\n\t<\/div>\n<\/div>\n<div class=\"testimonials-widget-testimonials bx-controls testimonials-widget-testimonials100000-control\"><\/div>\n<\/div>\n<p>&nbsp;<\/p>\n<p>&nbsp;<\/p>\n<p>&nbsp;<\/p>\n<p>&nbsp;<\/p>\n<p>&nbsp;<\/p>\n<p>(Die angegebenen Buchlinks geh\u00f6ren zum Amazon Partnerprogramm)<\/p>","protected":false},"excerpt":{"rendered":"<p>Wellness Above The Clouds Dieses vollfarbige und wundersch\u00f6ne Selbsthilfe-Buch basiert auf der jahrtausendealten Heilkunst Jin Shin Jyutsu, und ist in mehrfacher Hinsicht au\u00dfergew\u00f6hnlich: \u2022Es ist der einzige Wellnessratgeber f\u00fcr Flugpassagiere, welcher dem Anwender erm\u00f6glicht sich in k\u00fcrzester Zeit zu regenerieren, ohne sich dabei bewegen zu m\u00fcssen. \u2022Wellness above the Clouds erm\u00f6glicht Ihnen die Kunst des [&hellip;]<\/p>\n","protected":false},"author":3,"featured_media":0,"parent":97,"menu_order":0,"comment_status":"closed","ping_status":"open","template":"","meta":{"_coblocks_attr":"","_coblocks_dimensions":"","_coblocks_responsive_height":"","_coblocks_accordion_ie_support":"","ocean_post_layout":"","ocean_both_sidebars_style":"","ocean_both_sidebars_content_width":0,"ocean_both_sidebars_sidebars_width":0,"ocean_sidebar":"0","ocean_second_sidebar":"0","ocean_disable_margins":"enable","ocean_add_body_class":"","ocean_shortcode_before_top_bar":"","ocean_shortcode_after_top_bar":"","ocean_shortcode_before_header":"","ocean_shortcode_after_header":"","ocean_has_shortcode":"","ocean_shortcode_after_title":"","ocean_shortcode_before_footer_widgets":"","ocean_shortcode_after_footer_widgets":"","ocean_shortcode_before_footer_bottom":"","ocean_shortcode_after_footer_bottom":"","ocean_display_top_bar":"default","ocean_display_header":"default","ocean_header_style":"","ocean_center_header_left_menu":"0","ocean_custom_header_template":"0","ocean_custom_logo":0,"ocean_custom_retina_logo":0,"ocean_custom_logo_max_width":0,"ocean_custom_logo_tablet_max_width":0,"ocean_custom_logo_mobile_max_width":0,"ocean_custom_logo_max_height":0,"ocean_custom_logo_tablet_max_height":0,"ocean_custom_logo_mobile_max_height":0,"ocean_header_custom_menu":"0","ocean_menu_typo_font_family":"0","ocean_menu_typo_font_subset":"","ocean_menu_typo_font_size":0,"ocean_menu_typo_font_size_tablet":0,"ocean_menu_typo_font_size_mobile":0,"ocean_menu_typo_font_size_unit":"px","ocean_menu_typo_font_weight":"","ocean_menu_typo_font_weight_tablet":"","ocean_menu_typo_font_weight_mobile":"","ocean_menu_typo_transform":"","ocean_menu_typo_transform_tablet":"","ocean_menu_typo_transform_mobile":"","ocean_menu_typo_line_height":0,"ocean_menu_typo_line_height_tablet":0,"ocean_menu_typo_line_height_mobile":0,"ocean_menu_typo_line_height_unit":"","ocean_menu_typo_spacing":0,"ocean_menu_typo_spacing_tablet":0,"ocean_menu_typo_spacing_mobile":0,"ocean_menu_typo_spacing_unit":"","ocean_menu_link_color":"","ocean_menu_link_color_hover":"","ocean_menu_link_color_active":"","ocean_menu_link_background":"","ocean_menu_link_hover_background":"","ocean_menu_link_active_background":"","ocean_menu_social_links_bg":"","ocean_menu_social_hover_links_bg":"","ocean_menu_social_links_color":"","ocean_menu_social_hover_links_color":"","ocean_disable_title":"default","ocean_disable_heading":"default","ocean_post_title":"","ocean_post_subheading":"","ocean_post_title_style":"","ocean_post_title_background_color":"","ocean_post_title_background":0,"ocean_post_title_bg_image_position":"","ocean_post_title_bg_image_attachment":"","ocean_post_title_bg_image_repeat":"","ocean_post_title_bg_image_size":"","ocean_post_title_height":0,"ocean_post_title_bg_overlay":0.5,"ocean_post_title_bg_overlay_color":"","ocean_disable_breadcrumbs":"default","ocean_breadcrumbs_color":"","ocean_breadcrumbs_separator_color":"","ocean_breadcrumbs_links_color":"","ocean_breadcrumbs_links_hover_color":"","ocean_display_footer_widgets":"default","ocean_display_footer_bottom":"default","ocean_custom_footer_template":"0","omw_enable_modal_window":"enable","_themeisle_gutenberg_block_has_review":false,"footnotes":""},"class_list":["post-609","page","type-page","status-publish","hentry","entry"],"yoast_head":"<!-- This site is optimized with the Yoast SEO plugin v27.4 - https:\/\/yoast.com\/product\/yoast-seo-wordpress\/ -->\n<title>Wellness Above The Clouds | Irene Lauretti<\/title>\n<meta name=\"description\" content=\"Wellness Above The Clouds Written by Irene Lauretti.\" \/>\n<meta name=\"robots\" content=\"index, follow, max-snippet:-1, max-image-preview:large, max-video-preview:-1\" \/>\n<link rel=\"canonical\" href=\"https:\/\/www.irenelauretti.com\/de\/books\/wellness-above-the-clouds-2\/\" \/>\n<meta name=\"twitter:card\" content=\"summary_large_image\" \/>\n<meta name=\"twitter:title\" content=\"Wellness Above The Clouds | Irene Lauretti\" \/>\n<meta name=\"twitter:description\" content=\"Wellness Above The Clouds Written by Irene Lauretti.\" \/>\n<meta name=\"twitter:image\" content=\"http:\/\/www.irenelauretti.com\/wp-content\/uploads\/2013\/08\/WATCfrontpage11.jpg\" \/>\n<meta name=\"twitter:label1\" content=\"Gesch\u00e4tzte Lesezeit\" \/>\n\t<meta name=\"twitter:data1\" content=\"3\u00a0Minuten\" \/>\n<script type=\"application\/ld+json\" class=\"yoast-schema-graph\">{\"@context\":\"https:\\\/\\\/schema.org\",\"@graph\":[{\"@type\":\"WebPage\",\"@id\":\"https:\\\/\\\/www.irenelauretti.com\\\/de\\\/books\\\/wellness-above-the-clouds-2\\\/\",\"url\":\"https:\\\/\\\/www.irenelauretti.com\\\/de\\\/books\\\/wellness-above-the-clouds-2\\\/\",\"name\":\"Wellness Above The Clouds | Irene Lauretti\",\"isPartOf\":{\"@id\":\"https:\\\/\\\/www.irenelauretti.com\\\/de\\\/#website\"},\"primaryImageOfPage\":{\"@id\":\"https:\\\/\\\/www.irenelauretti.com\\\/de\\\/books\\\/wellness-above-the-clouds-2\\\/#primaryimage\"},\"image\":{\"@id\":\"https:\\\/\\\/www.irenelauretti.com\\\/books\\\/wellness-above-the-clouds-2\\\/#primaryimage\"},\"thumbnailUrl\":\"http:\\\/\\\/www.irenelauretti.com\\\/wp-content\\\/uploads\\\/2013\\\/08\\\/WATCfrontpage11.jpg\",\"datePublished\":\"2013-09-12T11:42:13+00:00\",\"dateModified\":\"2024-02-11T17:33:53+00:00\",\"description\":\"Wellness Above The Clouds Written by Irene Lauretti.\",\"breadcrumb\":{\"@id\":\"https:\\\/\\\/www.irenelauretti.com\\\/de\\\/books\\\/wellness-above-the-clouds-2\\\/#breadcrumb\"},\"inLanguage\":\"de\",\"potentialAction\":[{\"@type\":\"ReadAction\",\"target\":[[\"https:\\\/\\\/www.irenelauretti.com\\\/de\\\/books\\\/wellness-above-the-clouds-2\\\/\"]]}]},{\"@type\":\"ImageObject\",\"inLanguage\":\"de\",\"@id\":\"https:\\\/\\\/www.irenelauretti.com\\\/de\\\/books\\\/wellness-above-the-clouds-2\\\/#primaryimage\",\"url\":\"http:\\\/\\\/www.irenelauretti.com\\\/wp-content\\\/uploads\\\/2013\\\/08\\\/WATCfrontpage11.jpg\",\"contentUrl\":\"http:\\\/\\\/www.irenelauretti.com\\\/wp-content\\\/uploads\\\/2013\\\/08\\\/WATCfrontpage11.jpg\"},{\"@type\":\"BreadcrumbList\",\"@id\":\"https:\\\/\\\/www.irenelauretti.com\\\/de\\\/books\\\/wellness-above-the-clouds-2\\\/#breadcrumb\",\"itemListElement\":[{\"@type\":\"ListItem\",\"position\":1,\"name\":\"Start\",\"item\":\"https:\\\/\\\/www.irenelauretti.com\\\/de\\\/\"},{\"@type\":\"ListItem\",\"position\":2,\"name\":\"B\u00fccher\",\"item\":\"https:\\\/\\\/www.irenelauretti.com\\\/de\\\/books\\\/\"},{\"@type\":\"ListItem\",\"position\":3,\"name\":\"Wellness above the Clouds (englisch)\"}]},{\"@type\":\"WebSite\",\"@id\":\"https:\\\/\\\/www.irenelauretti.com\\\/de\\\/#website\",\"url\":\"https:\\\/\\\/www.irenelauretti.com\\\/de\\\/\",\"name\":\"irenelauretti.com\",\"description\":\"Autorin Mystikerin Heilerin Vision\u00e4rin\",\"publisher\":{\"@id\":\"https:\\\/\\\/www.irenelauretti.com\\\/de\\\/#organization\"},\"potentialAction\":[{\"@type\":\"SearchAction\",\"target\":{\"@type\":\"EntryPoint\",\"urlTemplate\":\"https:\\\/\\\/www.irenelauretti.com\\\/de\\\/?s={search_term_string}\"},\"query-input\":{\"@type\":\"PropertyValueSpecification\",\"valueRequired\":true,\"valueName\":\"search_term_string\"}}],\"inLanguage\":\"de\"},{\"@type\":\"Organization\",\"@id\":\"https:\\\/\\\/www.irenelauretti.com\\\/de\\\/#organization\",\"name\":\"irenelauretti.com\",\"url\":\"https:\\\/\\\/www.irenelauretti.com\\\/de\\\/\",\"logo\":{\"@type\":\"ImageObject\",\"inLanguage\":\"de\",\"@id\":\"https:\\\/\\\/www.irenelauretti.com\\\/de\\\/#\\\/schema\\\/logo\\\/image\\\/\",\"url\":\"https:\\\/\\\/www.irenelauretti.com\\\/wp-content\\\/uploads\\\/2013\\\/08\\\/Logo_with.png\",\"contentUrl\":\"https:\\\/\\\/www.irenelauretti.com\\\/wp-content\\\/uploads\\\/2013\\\/08\\\/Logo_with.png\",\"width\":180,\"height\":113,\"caption\":\"irenelauretti.com\"},\"image\":{\"@id\":\"https:\\\/\\\/www.irenelauretti.com\\\/de\\\/#\\\/schema\\\/logo\\\/image\\\/\"}}]}<\/script>\n<!-- \/ Yoast SEO plugin. -->","yoast_head_json":{"title":"Wellness Above The Clouds | Irene Lauretti","description":"Wellness Above The Clouds Written by Irene Lauretti.","robots":{"index":"index","follow":"follow","max-snippet":"max-snippet:-1","max-image-preview":"max-image-preview:large","max-video-preview":"max-video-preview:-1"},"canonical":"https:\/\/www.irenelauretti.com\/de\/books\/wellness-above-the-clouds-2\/","twitter_card":"summary_large_image","twitter_title":"Wellness Above The Clouds | Irene Lauretti","twitter_description":"Wellness Above The Clouds Written by Irene Lauretti.","twitter_image":"http:\/\/www.irenelauretti.com\/wp-content\/uploads\/2013\/08\/WATCfrontpage11.jpg","twitter_misc":{"Gesch\u00e4tzte Lesezeit":"3\u00a0Minuten"},"schema":{"@context":"https:\/\/schema.org","@graph":[{"@type":"WebPage","@id":"https:\/\/www.irenelauretti.com\/de\/books\/wellness-above-the-clouds-2\/","url":"https:\/\/www.irenelauretti.com\/de\/books\/wellness-above-the-clouds-2\/","name":"Wellness Above The Clouds | Irene Lauretti","isPartOf":{"@id":"https:\/\/www.irenelauretti.com\/de\/#website"},"primaryImageOfPage":{"@id":"https:\/\/www.irenelauretti.com\/de\/books\/wellness-above-the-clouds-2\/#primaryimage"},"image":{"@id":"https:\/\/www.irenelauretti.com\/books\/wellness-above-the-clouds-2\/#primaryimage"},"thumbnailUrl":"http:\/\/www.irenelauretti.com\/wp-content\/uploads\/2013\/08\/WATCfrontpage11.jpg","datePublished":"2013-09-12T11:42:13+00:00","dateModified":"2024-02-11T17:33:53+00:00","description":"Wellness Above The Clouds Written by Irene Lauretti.","breadcrumb":{"@id":"https:\/\/www.irenelauretti.com\/de\/books\/wellness-above-the-clouds-2\/#breadcrumb"},"inLanguage":"de","potentialAction":[{"@type":"ReadAction","target":[["https:\/\/www.irenelauretti.com\/de\/books\/wellness-above-the-clouds-2\/"]]}]},{"@type":"ImageObject","inLanguage":"de","@id":"https:\/\/www.irenelauretti.com\/de\/books\/wellness-above-the-clouds-2\/#primaryimage","url":"http:\/\/www.irenelauretti.com\/wp-content\/uploads\/2013\/08\/WATCfrontpage11.jpg","contentUrl":"http:\/\/www.irenelauretti.com\/wp-content\/uploads\/2013\/08\/WATCfrontpage11.jpg"},{"@type":"BreadcrumbList","@id":"https:\/\/www.irenelauretti.com\/de\/books\/wellness-above-the-clouds-2\/#breadcrumb","itemListElement":[{"@type":"ListItem","position":1,"name":"Start","item":"https:\/\/www.irenelauretti.com\/de\/"},{"@type":"ListItem","position":2,"name":"B\u00fccher","item":"https:\/\/www.irenelauretti.com\/de\/books\/"},{"@type":"ListItem","position":3,"name":"Wellness above the Clouds (englisch)"}]},{"@type":"WebSite","@id":"https:\/\/www.irenelauretti.com\/de\/#website","url":"https:\/\/www.irenelauretti.com\/de\/","name":"irenelauretti.com","description":"Autorin Mystikerin Heilerin Vision\u00e4rin","publisher":{"@id":"https:\/\/www.irenelauretti.com\/de\/#organization"},"potentialAction":[{"@type":"SearchAction","target":{"@type":"EntryPoint","urlTemplate":"https:\/\/www.irenelauretti.com\/de\/?s={search_term_string}"},"query-input":{"@type":"PropertyValueSpecification","valueRequired":true,"valueName":"search_term_string"}}],"inLanguage":"de"},{"@type":"Organization","@id":"https:\/\/www.irenelauretti.com\/de\/#organization","name":"irenelauretti.com","url":"https:\/\/www.irenelauretti.com\/de\/","logo":{"@type":"ImageObject","inLanguage":"de","@id":"https:\/\/www.irenelauretti.com\/de\/#\/schema\/logo\/image\/","url":"https:\/\/www.irenelauretti.com\/wp-content\/uploads\/2013\/08\/Logo_with.png","contentUrl":"https:\/\/www.irenelauretti.com\/wp-content\/uploads\/2013\/08\/Logo_with.png","width":180,"height":113,"caption":"irenelauretti.com"},"image":{"@id":"https:\/\/www.irenelauretti.com\/de\/#\/schema\/logo\/image\/"}}]}},"_links":{"self":[{"href":"https:\/\/www.irenelauretti.com\/de\/wp-json\/wp\/v2\/pages\/609","targetHints":{"allow":["GET"]}}],"collection":[{"href":"https:\/\/www.irenelauretti.com\/de\/wp-json\/wp\/v2\/pages"}],"about":[{"href":"https:\/\/www.irenelauretti.com\/de\/wp-json\/wp\/v2\/types\/page"}],"author":[{"embeddable":true,"href":"https:\/\/www.irenelauretti.com\/de\/wp-json\/wp\/v2\/users\/3"}],"replies":[{"embeddable":true,"href":"https:\/\/www.irenelauretti.com\/de\/wp-json\/wp\/v2\/comments?post=609"}],"version-history":[{"count":28,"href":"https:\/\/www.irenelauretti.com\/de\/wp-json\/wp\/v2\/pages\/609\/revisions"}],"predecessor-version":[{"id":1019,"href":"https:\/\/www.irenelauretti.com\/de\/wp-json\/wp\/v2\/pages\/609\/revisions\/1019"}],"up":[{"embeddable":true,"href":"https:\/\/www.irenelauretti.com\/de\/wp-json\/wp\/v2\/pages\/97"}],"wp:attachment":[{"href":"https:\/\/www.irenelauretti.com\/de\/wp-json\/wp\/v2\/media?parent=609"}],"curies":[{"name":"wp","href":"https:\/\/api.w.org\/{rel}","templated":true}]}}