{"id":876,"date":"2013-11-16T17:04:33","date_gmt":"2013-11-16T17:04:33","guid":{"rendered":"http:\/\/www.irenelauretti.com\/?page_id=876"},"modified":"2023-04-17T03:28:59","modified_gmt":"2023-04-17T01:28:59","slug":"experiences","status":"publish","type":"page","link":"https:\/\/www.irenelauretti.com\/de\/experiences\/","title":{"rendered":"ERFAHRUNGSBERICHT"},"content":{"rendered":"<p><\/p>\n<h1 style=\"text-align: center;\">Erfahrungsberichte<\/h1>\n<p>Du und Deine Erfahrungen mit der Aktivierung des kosmischen Codes der Sch\u00f6pfung sind uns wichtig!!<\/p>\n<p>Um f\u00fcr Euch, Euer Leben, Eure Gesundheit in den Genuss der vollen Wirkungsweise des in meinem Buch Der Mond und der kosmische Code der Sch\u00f6pfung beschriebenen Codes der Sch\u00f6pfung kommen, bedarf es der Aktivierung des Codes, der t\u00e4glichen Einstimmung auf die vom Mond vorgegebene kosmische Symphonie der Sch\u00f6pfung, wie in meinem Buch ausf\u00fchrlich in Wort und Bild erl\u00e4utert.<\/p>\n<p>Wer sich t\u00e4glich einstimmt, dessen Leben wird sich \u00fcber kurz oder lang auf wundersame Weise transformieren, das kann ich garantieren.<\/p>\n<p>Wie diese Transformation aussieht, das h\u00e4ngt von Eurem individuellen Seelenweg ab, eines jedoch ist sicher:<\/p>\n<p>Die Aktivierung des Codes wird Euch auf den f\u00fcr Euch bestimmten und damit \u201erichtigen\u201c Weg bringen. Sie wird das aussortieren, was Euch daran hindert, der Bestimmung Eurer Seele zu folgen und Sie wird Euch erkennen lassen, was Euch bisher davon abgehalten hat, den Weg Eurer Seele und Wahrheit zu gehen.<\/p>\n<p>Ob Ihr diesen Weg einschlagen wollt, das entscheidet nur Ihr selbst!<\/p>\n<p>Diese Seite ist f\u00fcr Euch und Eure Erfahrungen sowohl bei der Aktivierung des Codes (der t\u00e4glichen Einstimmung) als auch allgemein beim Aus\u00fcben der von mir angegebenen Energieheilk\u00fcnste in meinen beiden B\u00fcchern bestimmt.<br \/>\nIch bitte Euch jedoch: Teilt uns Eure Erfahrungen bitte unter genauer Angabe mit, was und wie regelm\u00e4\u00dfig und nat\u00fcrlich wie lange Ihr schon \u201estr\u00f6mt\u201c, denn nur so k\u00f6nnen andere sich ein aussagekr\u00e4ftiges \u201eBild\u201c von der tats\u00e4chlichen Wirkung machen. Wenn Ihr anonym bleiben wollt, k\u00f6nnt Ihr gerne einen Aliasnamen verwenden, aber ich bitte Euch, vor allem im Interesse anderer Leser und Anwender, um ehrliche Erfahrungsberichte!<\/p>\n<p>Hier ein Beispiel f\u00fcr Eure Basisangaben:<\/p>\n<p>Ich (Alter, Geschlecht und vielleicht Erfahrungen mit anderen Heilungsmodalit\u00e4ten) str\u00f6me seit \u2026. t\u00e4glich (oder eben wie oft sonst) den Mondstrom (beide Seiten, vollst\u00e4ndige Str\u00f6msequenz oder Kurzgriff, wie lange verwende ich daf\u00fcr?), den Oppositionsgriff (oder vollst\u00e4ndige Str\u00f6msequenz), den Lebensstrom, sowie den Tiefenfinger. Teilt uns bitte auch mit, inwiefern Ihr die im Buch beschriebenen Tipps zur Lebensf\u00fchrung, wie Ern\u00e4hrung, Sport etc. beachtet und ob Ihr t\u00e4glich Euer jeweils aktuelles Seelentor massiert, wie im Buch in den jeweiligen Tiefenkapiteln unter \u201eMassieren des Seelentores\u201c angegeben.<\/p>\n<p>Auf diesen Basisangaben aufbauend, k\u00f6nnt Ihr uns dann Eure individuellen Erfahrungen mitteilen!<\/p>\n<p>Ich freue mich auf Eure Erfahrungsberichte!<\/p>\n<p>[contact-form-7 id=&#8220;875&#8243; title=&#8220;Contact form 1&#8243;]<\/p>","protected":false},"excerpt":{"rendered":"<p>Erfahrungsberichte Du und Deine Erfahrungen mit der Aktivierung des kosmischen Codes der Sch\u00f6pfung sind uns wichtig!! Um f\u00fcr Euch, Euer Leben, Eure Gesundheit in den Genuss der vollen Wirkungsweise des in meinem Buch Der Mond und der kosmische Code der Sch\u00f6pfung beschriebenen Codes der Sch\u00f6pfung kommen, bedarf es der Aktivierung des Codes, der t\u00e4glichen Einstimmung [&hellip;]<\/p>\n","protected":false},"author":3,"featured_media":0,"parent":0,"menu_order":0,"comment_status":"closed","ping_status":"open","template":"","meta":{"_coblocks_attr":"","_coblocks_dimensions":"","_coblocks_responsive_height":"","_coblocks_accordion_ie_support":"","ocean_post_layout":"","ocean_both_sidebars_style":"","ocean_both_sidebars_content_width":0,"ocean_both_sidebars_sidebars_width":0,"ocean_sidebar":"0","ocean_second_sidebar":"0","ocean_disable_margins":"enable","ocean_add_body_class":"","ocean_shortcode_before_top_bar":"","ocean_shortcode_after_top_bar":"","ocean_shortcode_before_header":"","ocean_shortcode_after_header":"","ocean_has_shortcode":"","ocean_shortcode_after_title":"","ocean_shortcode_before_footer_widgets":"","ocean_shortcode_after_footer_widgets":"","ocean_shortcode_before_footer_bottom":"","ocean_shortcode_after_footer_bottom":"","ocean_display_top_bar":"default","ocean_display_header":"default","ocean_header_style":"","ocean_center_header_left_menu":"0","ocean_custom_header_template":"0","ocean_custom_logo":0,"ocean_custom_retina_logo":0,"ocean_custom_logo_max_width":0,"ocean_custom_logo_tablet_max_width":0,"ocean_custom_logo_mobile_max_width":0,"ocean_custom_logo_max_height":0,"ocean_custom_logo_tablet_max_height":0,"ocean_custom_logo_mobile_max_height":0,"ocean_header_custom_menu":"0","ocean_menu_typo_font_family":"0","ocean_menu_typo_font_subset":"","ocean_menu_typo_font_size":0,"ocean_menu_typo_font_size_tablet":0,"ocean_menu_typo_font_size_mobile":0,"ocean_menu_typo_font_size_unit":"px","ocean_menu_typo_font_weight":"","ocean_menu_typo_font_weight_tablet":"","ocean_menu_typo_font_weight_mobile":"","ocean_menu_typo_transform":"","ocean_menu_typo_transform_tablet":"","ocean_menu_typo_transform_mobile":"","ocean_menu_typo_line_height":0,"ocean_menu_typo_line_height_tablet":0,"ocean_menu_typo_line_height_mobile":0,"ocean_menu_typo_line_height_unit":"","ocean_menu_typo_spacing":0,"ocean_menu_typo_spacing_tablet":0,"ocean_menu_typo_spacing_mobile":0,"ocean_menu_typo_spacing_unit":"","ocean_menu_link_color":"","ocean_menu_link_color_hover":"","ocean_menu_link_color_active":"","ocean_menu_link_background":"","ocean_menu_link_hover_background":"","ocean_menu_link_active_background":"","ocean_menu_social_links_bg":"","ocean_menu_social_hover_links_bg":"","ocean_menu_social_links_color":"","ocean_menu_social_hover_links_color":"","ocean_disable_title":"default","ocean_disable_heading":"default","ocean_post_title":"","ocean_post_subheading":"","ocean_post_title_style":"","ocean_post_title_background_color":"","ocean_post_title_background":0,"ocean_post_title_bg_image_position":"","ocean_post_title_bg_image_attachment":"","ocean_post_title_bg_image_repeat":"","ocean_post_title_bg_image_size":"","ocean_post_title_height":0,"ocean_post_title_bg_overlay":0.5,"ocean_post_title_bg_overlay_color":"","ocean_disable_breadcrumbs":"default","ocean_breadcrumbs_color":"","ocean_breadcrumbs_separator_color":"","ocean_breadcrumbs_links_color":"","ocean_breadcrumbs_links_hover_color":"","ocean_display_footer_widgets":"default","ocean_display_footer_bottom":"default","ocean_custom_footer_template":"0","omw_enable_modal_window":"enable","_themeisle_gutenberg_block_has_review":false,"footnotes":""},"class_list":["post-876","page","type-page","status-publish","hentry","entry"],"yoast_head":"<!-- This site is optimized with the Yoast SEO plugin v27.4 - https:\/\/yoast.com\/product\/yoast-seo-wordpress\/ -->\n<title>Experiences | Irene Lauretti<\/title>\n<meta name=\"description\" content=\"This page holds experiences that have been shared by readers of The Moon And The Cosmic Code Of Creation.\" \/>\n<meta name=\"robots\" content=\"index, follow, max-snippet:-1, max-image-preview:large, max-video-preview:-1\" \/>\n<link rel=\"canonical\" href=\"https:\/\/www.irenelauretti.com\/de\/experiences\/\" \/>\n<meta name=\"twitter:card\" content=\"summary_large_image\" \/>\n<meta name=\"twitter:title\" content=\"Experiences | Irene Lauretti\" \/>\n<meta name=\"twitter:description\" content=\"This page holds experiences that have been shared by readers of The Moon And The Cosmic Code Of Creation.\" \/>\n<meta name=\"twitter:label1\" content=\"Gesch\u00e4tzte Lesezeit\" \/>\n\t<meta name=\"twitter:data1\" content=\"3\u00a0Minuten\" \/>\n<script type=\"application\/ld+json\" class=\"yoast-schema-graph\">{\"@context\":\"https:\\\/\\\/schema.org\",\"@graph\":[{\"@type\":\"WebPage\",\"@id\":\"https:\\\/\\\/www.irenelauretti.com\\\/de\\\/experiences\\\/\",\"url\":\"https:\\\/\\\/www.irenelauretti.com\\\/de\\\/experiences\\\/\",\"name\":\"Experiences | Irene Lauretti\",\"isPartOf\":{\"@id\":\"https:\\\/\\\/www.irenelauretti.com\\\/de\\\/#website\"},\"datePublished\":\"2013-11-16T17:04:33+00:00\",\"dateModified\":\"2023-04-17T01:28:59+00:00\",\"description\":\"This page holds experiences that have been shared by readers of The Moon And The Cosmic Code Of Creation.\",\"breadcrumb\":{\"@id\":\"https:\\\/\\\/www.irenelauretti.com\\\/de\\\/experiences\\\/#breadcrumb\"},\"inLanguage\":\"de\",\"potentialAction\":[{\"@type\":\"ReadAction\",\"target\":[[\"https:\\\/\\\/www.irenelauretti.com\\\/de\\\/experiences\\\/\"]]}]},{\"@type\":\"BreadcrumbList\",\"@id\":\"https:\\\/\\\/www.irenelauretti.com\\\/de\\\/experiences\\\/#breadcrumb\",\"itemListElement\":[{\"@type\":\"ListItem\",\"position\":1,\"name\":\"Start\",\"item\":\"https:\\\/\\\/www.irenelauretti.com\\\/de\\\/\"},{\"@type\":\"ListItem\",\"position\":2,\"name\":\"ERFAHRUNGSBERICHT\"}]},{\"@type\":\"WebSite\",\"@id\":\"https:\\\/\\\/www.irenelauretti.com\\\/de\\\/#website\",\"url\":\"https:\\\/\\\/www.irenelauretti.com\\\/de\\\/\",\"name\":\"irenelauretti.com\",\"description\":\"Autorin Mystikerin Heilerin Vision\u00e4rin\",\"publisher\":{\"@id\":\"https:\\\/\\\/www.irenelauretti.com\\\/de\\\/#organization\"},\"potentialAction\":[{\"@type\":\"SearchAction\",\"target\":{\"@type\":\"EntryPoint\",\"urlTemplate\":\"https:\\\/\\\/www.irenelauretti.com\\\/de\\\/?s={search_term_string}\"},\"query-input\":{\"@type\":\"PropertyValueSpecification\",\"valueRequired\":true,\"valueName\":\"search_term_string\"}}],\"inLanguage\":\"de\"},{\"@type\":\"Organization\",\"@id\":\"https:\\\/\\\/www.irenelauretti.com\\\/de\\\/#organization\",\"name\":\"irenelauretti.com\",\"url\":\"https:\\\/\\\/www.irenelauretti.com\\\/de\\\/\",\"logo\":{\"@type\":\"ImageObject\",\"inLanguage\":\"de\",\"@id\":\"https:\\\/\\\/www.irenelauretti.com\\\/de\\\/#\\\/schema\\\/logo\\\/image\\\/\",\"url\":\"https:\\\/\\\/www.irenelauretti.com\\\/wp-content\\\/uploads\\\/2013\\\/08\\\/Logo_with.png\",\"contentUrl\":\"https:\\\/\\\/www.irenelauretti.com\\\/wp-content\\\/uploads\\\/2013\\\/08\\\/Logo_with.png\",\"width\":180,\"height\":113,\"caption\":\"irenelauretti.com\"},\"image\":{\"@id\":\"https:\\\/\\\/www.irenelauretti.com\\\/de\\\/#\\\/schema\\\/logo\\\/image\\\/\"}}]}<\/script>\n<!-- \/ Yoast SEO plugin. -->","yoast_head_json":{"title":"Experiences | Irene Lauretti","description":"This page holds experiences that have been shared by readers of The Moon And The Cosmic Code Of Creation.","robots":{"index":"index","follow":"follow","max-snippet":"max-snippet:-1","max-image-preview":"max-image-preview:large","max-video-preview":"max-video-preview:-1"},"canonical":"https:\/\/www.irenelauretti.com\/de\/experiences\/","twitter_card":"summary_large_image","twitter_title":"Experiences | Irene Lauretti","twitter_description":"This page holds experiences that have been shared by readers of The Moon And The Cosmic Code Of Creation.","twitter_misc":{"Gesch\u00e4tzte Lesezeit":"3\u00a0Minuten"},"schema":{"@context":"https:\/\/schema.org","@graph":[{"@type":"WebPage","@id":"https:\/\/www.irenelauretti.com\/de\/experiences\/","url":"https:\/\/www.irenelauretti.com\/de\/experiences\/","name":"Experiences | Irene Lauretti","isPartOf":{"@id":"https:\/\/www.irenelauretti.com\/de\/#website"},"datePublished":"2013-11-16T17:04:33+00:00","dateModified":"2023-04-17T01:28:59+00:00","description":"This page holds experiences that have been shared by readers of The Moon And The Cosmic Code Of Creation.","breadcrumb":{"@id":"https:\/\/www.irenelauretti.com\/de\/experiences\/#breadcrumb"},"inLanguage":"de","potentialAction":[{"@type":"ReadAction","target":[["https:\/\/www.irenelauretti.com\/de\/experiences\/"]]}]},{"@type":"BreadcrumbList","@id":"https:\/\/www.irenelauretti.com\/de\/experiences\/#breadcrumb","itemListElement":[{"@type":"ListItem","position":1,"name":"Start","item":"https:\/\/www.irenelauretti.com\/de\/"},{"@type":"ListItem","position":2,"name":"ERFAHRUNGSBERICHT"}]},{"@type":"WebSite","@id":"https:\/\/www.irenelauretti.com\/de\/#website","url":"https:\/\/www.irenelauretti.com\/de\/","name":"irenelauretti.com","description":"Autorin Mystikerin Heilerin Vision\u00e4rin","publisher":{"@id":"https:\/\/www.irenelauretti.com\/de\/#organization"},"potentialAction":[{"@type":"SearchAction","target":{"@type":"EntryPoint","urlTemplate":"https:\/\/www.irenelauretti.com\/de\/?s={search_term_string}"},"query-input":{"@type":"PropertyValueSpecification","valueRequired":true,"valueName":"search_term_string"}}],"inLanguage":"de"},{"@type":"Organization","@id":"https:\/\/www.irenelauretti.com\/de\/#organization","name":"irenelauretti.com","url":"https:\/\/www.irenelauretti.com\/de\/","logo":{"@type":"ImageObject","inLanguage":"de","@id":"https:\/\/www.irenelauretti.com\/de\/#\/schema\/logo\/image\/","url":"https:\/\/www.irenelauretti.com\/wp-content\/uploads\/2013\/08\/Logo_with.png","contentUrl":"https:\/\/www.irenelauretti.com\/wp-content\/uploads\/2013\/08\/Logo_with.png","width":180,"height":113,"caption":"irenelauretti.com"},"image":{"@id":"https:\/\/www.irenelauretti.com\/de\/#\/schema\/logo\/image\/"}}]}},"_links":{"self":[{"href":"https:\/\/www.irenelauretti.com\/de\/wp-json\/wp\/v2\/pages\/876","targetHints":{"allow":["GET"]}}],"collection":[{"href":"https:\/\/www.irenelauretti.com\/de\/wp-json\/wp\/v2\/pages"}],"about":[{"href":"https:\/\/www.irenelauretti.com\/de\/wp-json\/wp\/v2\/types\/page"}],"author":[{"embeddable":true,"href":"https:\/\/www.irenelauretti.com\/de\/wp-json\/wp\/v2\/users\/3"}],"replies":[{"embeddable":true,"href":"https:\/\/www.irenelauretti.com\/de\/wp-json\/wp\/v2\/comments?post=876"}],"version-history":[{"count":6,"href":"https:\/\/www.irenelauretti.com\/de\/wp-json\/wp\/v2\/pages\/876\/revisions"}],"predecessor-version":[{"id":3093,"href":"https:\/\/www.irenelauretti.com\/de\/wp-json\/wp\/v2\/pages\/876\/revisions\/3093"}],"wp:attachment":[{"href":"https:\/\/www.irenelauretti.com\/de\/wp-json\/wp\/v2\/media?parent=876"}],"curies":[{"name":"wp","href":"https:\/\/api.w.org\/{rel}","templated":true}]}}